{"id":1358,"date":"2020-02-02T11:11:39","date_gmt":"2020-02-02T11:11:39","guid":{"rendered":"http:\/\/www.gripcontrol.be\/nl\/?page_id=1358"},"modified":"2020-03-01T12:24:57","modified_gmt":"2020-03-01T12:24:57","slug":"algemene-verkoopsvoorwaarden","status":"publish","type":"page","link":"https:\/\/www.gripcontrol.be\/nl\/algemene-verkoopsvoorwaarden\/","title":{"rendered":"Algemene Verkoops-, Leverings- en Betalingsvoorwaarden"},"content":{"rendered":"<div class=\"wpb-content-wrapper\"><p>[vc_row][vc_column][vc_column_text]<\/p>\n<h2>ALGEMENE VERKOOPS-, LEVERINGS- EN BETALINGSVOORWAARDEN<\/h2>\n<p>&nbsp;<\/p>\n<ol>\n<li>Behalve bijzondere voorwaarden, vermeld op de voorzijde van de factuur of van de bestelbon en ondertekend voor akkoord door de klant, zijn enkel en bij uitsluiting van elke andere, de voorwaarden van toepassing dewelke hieronder zijn vermeld.<\/li>\n<\/ol>\n<ol start=\"2\">\n<li>De bestekken en prijsoffertes zijn gebaseerd op de thans geldende waarden van lonen, materialen en diensten. Indien deze wijzigingen ondergaan onafhankelijk van de wil van de aannemer, behoudt deze zich het recht voor de prijzen op evenredige wijze aan te passen. De klant heeft het recht om binnen de acht dagen nadat hij van deze prijswijziging is op de hoogte gebracht, de overeenkomst op te zeggen.<\/li>\n<\/ol>\n<p>Prijsofferten zijn tot 30 (dertig) dagen na datum geldig en kunnen ten allen tijde eenzijdig gewijzigd worden tot op het moment van aanvaarding door de Opdrachtgever. Prijzen worden steeds exclusief BTW vermeld. Volgend op de aanvaarding door de Opdrachtgever zal de aannemer de overeenkomst schriftelijk confirmeren. De Overeenkomst kan enkel gewijzigd mits schriftelijke overeenkomst tussen de aannemer en de Opdrachtgever. Niettegenstaande voornoemd principe zal de aannemer ten alle tijde de prijzen eenzijdig kunnen aanpassen in functie van substanti\u00eble wijziging van de grondstofprijzen of andere kosten met betrekking tot de uitvoering van de Werken.<\/p>\n<ol start=\"3\">\n<li>De leverings- en of uitvoeringstermijnen worden enkel bij wijze van inlichting verstrekt en zijn derhalve niet bindend tenzij aldus uitdrukkelijk tussen partijen overeengekomen. Vertraging in de uitvoering kan nooit aanleiding zijn tot boete, schadevergoeding of ontbinding van de overeenkomst.<\/li>\n<\/ol>\n<p>De aannemer doet alle redelijke inspanningen om de Werken te finaliseren binnen de termijn vermeld in de Overeenkomst. De Opdrachtgever erkent dat de vooropgestelde termijn een indicatief karakter heeft. Behoudens andersluidende schriftelijke overeenkomst kan een vertraging in de Werken geen aanleiding geven tot be\u00ebindiging van de Overeenkomst of aanleiding geven tot enige schadevergoeding. Indien de aannemer een vertraging in de uitvoering van de Werken verwacht zal de Opdrachtgever hier onverwijld van in kennis gesteld worden. De aannemer zal vervolgens in samenspraak met de Opdrachtgever tot een overeenkomst komen met betrekking tot de gepaste maatregelen. De voorziene uitvoerings- of leveringstermijn wordt opgeschort of verlengd ingevolge vorst, slecht weer, vocht te wijten aan het klimaat, wanneer de te behandelen vloer opgewarmd is door de zon en bevoorradingsproblemen.<\/p>\n<p>Elke gebeurtenis die zich buiten de wil van een der partijen voordoet, die onvoorzienbaar is en niet veroorzaakt door nalatigheid of opzettelijke fout of inbreuk op de wetgeving, heeft tot gevolg dat de contractuele verplichtingen van de betrokken partij uitdooft.<\/p>\n<ol start=\"4\">\n<li>Klachten inzake de conformiteit of de zichtbare gebreken betreffende de uitgevoerde werken en de geleverde materialen moeten gebeuren per aangetekende zending, binnen de acht dagen na de be\u00ebindiging der werkzaamheden (behandeling) resp. de levering der materialen en in ieder geval voor ingebruikname.<\/li>\n<\/ol>\n<ol start=\"5\">\n<li>Het protest tegen de factuur dient schriftelijk te gebeuren binnen de acht dagen na de factuurdatum. Men wordt verzocht steeds de datum en het nummer van de factuur te vermelden.<\/li>\n<\/ol>\n<p>Facturen dewelke niet binnen de 8 dagen na ontvangst schriftelijk en gemotiveerd geprotesteerd worden, zullen als aanvaard worden beschouwd, zowel voor wat betreft de vermeldingen der facturen, als voor de specificaties der geleverde Werken.<\/p>\n<ol start=\"6\">\n<li>Alle facturen zijn contant betaalbaar, tenzij anders werd bedongen.<\/li>\n<\/ol>\n<ol start=\"7\">\n<li>Bij niet\u2011betaling van de factuur binnen de gestelde termijn is vanaf de vervaldag van rechtswege zonder voorafgaande ingebrekestelling verwijlrente verschuldigd, gelijk aan de wettelijke intrest. Bovendien is een forfaitaire schadevergoeding verschuldigd van 10% op het totale factuurbedrag, met een minimumbedrag van 40 euro.<\/li>\n<\/ol>\n<p>Bij substanti\u00eble overschrijding van de betalingstermijn behoudt de aannemer zich het recht voor \u00a0de Overeenkomst eenzijdig te be\u00ebindigen onverminderd het recht op verdere schadevergoeding.<\/p>\n<ol start=\"8\">\n<li>In geval van annulering van de overeenkomst is de klant eveneens een forfaitaire schadevergoeding verschuldigd ten belope van 15 % van de waarde van de bestelling, met een minimum van \u20ac 100 en dit onder uitdrukkelijk voorbehoud van de mogelijkheid voor de aannemer om een hogere schadevergoeding te eisen.<\/li>\n<\/ol>\n<ol start=\"9\">\n<li>Zolang de geleverde materialen niet werden betaald, blijven zij eigendom van de aannemer.<\/li>\n<\/ol>\n<p>De overdracht van eigendom van de goederen door de aannemer geleverd in het kader van de Werken, geschiedt slechts bij algehele en volledige betaling van deze goederen.<\/p>\n<p>Het is de Opdrachtgever verboden de geleverde en\/of nog te leveren goederen in pand te geven, aan derden te verkopen of te vervreemden op welke wijze dan ook, zolang hij niet aan al zijn verplichtingen ten aanzien van de aannemer heeft voldaan; op eerste aanmaning dienen de goederen terugbezorgd te worden. De aannemer behoudt zich het recht voor het voorrecht van onbetaalde verkoper op de door de aannemer verkochte goederen te doen gelden ten aanzien van derden, door vervulling van de daartoe door de wetgever gestelde formaliteiten. De risico-overdracht vindt plaats op het ogenblik van levering van de materialen.<\/p>\n<ol start=\"10\">\n<li>In geval van betwisting zijn uitsluitend de rechtbanken bevoegd van de plaats waar de aannemer zijn uitbatingzetel, hoofdzetel of woonplaats heeft.<\/li>\n<\/ol>\n<ol start=\"11\">\n<li>De overeenkomst kan door beide partijen zonder enige vergoeding worden be\u00ebindigd ingeval van onmogelijkheid tot uitvoering ervan tengevolge van overmacht, staking, lock-out, staking van de andere partij, e.d..<\/li>\n<\/ol>\n<ol start=\"12\">\n<li>De aannemer behoudt zich tevens het recht voor om de overeenkomst van rechtswege en zonder voorafgaande ingebrekestelling als ontbonden te beschouwen in geval van faillissement of kennelijk onvermogen van de klant. In geval van faillissement of kennelijk onvermogen van de klant, behoudt de Aannemer zich het recht voor de goederen terug te nemen.<\/li>\n<\/ol>\n<ol start=\"13\">\n<li>Onkosten verbonden aan onbetaalde wissels of cheques evenals andere inningskosten zijn in deze forfaitaire schadevergoeding niet begrepen en worden de klant afzonderlijk aangerekend.<\/li>\n<\/ol>\n<ol start=\"14\">\n<li>Indien de aannemer zich verbindt tot het uitvoeren van werken en\/of het leveren van diensten of prestaties (boven 6.500\u20ac excl. BTW) dient \u00e9\u00e9n derde betaald te worden bij de ondertekening van de bestelbon , \u00e9\u00e9n derde bij de aanvang der werken\/prestaties\/diensten en \u00e9\u00e9n derde bij de oplevering of de voltooiing ervan.<\/li>\n<\/ol>\n<ol start=\"15\">\n<li>Bij niet\u2011betaling behoudt de aannemer zich het recht voor om verdere leveringen, prestaties en diensten stop te zetten.<\/li>\n<\/ol>\n<ol start=\"16\">\n<li>Bij niet\u2011betaling behoudt de aannemer zich het recht voor om de overeenkomst van rechtswege en zonder voorafgaande ingebrekestelling als ontbonden te beschouwen voor het geheel of het nog niet uitgevoerde gedeelte.<\/li>\n<\/ol>\n<ol start=\"17\">\n<li>De aannemer kan slechts aansprakelijk gesteld worden voor kennelijk zware fouten, intentionele fouten en grove nalatigheden. De aannemer kan geenszins gehouden worden tot vergoeding van indirecte schade, economische schade of winstderving die het gevolg zijn van een door hem gemaakte inbreuk tegen een verplichting op basis van de Overeenkomst of deze algemene voorwaarden. De aansprakelijkheid van de aannemer zal ten alle tijde beperkt blijven tot de som van de Werken zoals vermeld in de Overeenkomst.<\/li>\n<\/ol>\n<ol start=\"18\">\n<li>De nietigheid, onuitvoerbaarheid of onafdwingbaarheid van \u00e9\u00e9n of meerdere bepalingen van deze algemene voorwaarden laat de geldigheid, de uitvoerbaarheid of afdwingbaarheid van de overige bepalingen onverlet. De rechten en verplichtingen die uit de Overeenkomst voortvloeien, zullen noch gedeeltelijk noch in hun geheel op derden kunnen worden overgedragen, zonder de voorafgaande en schriftelijke toestemming van de aannemer. De niet-uitoefening door de aannemer of door de Opdrachtgever van haar rechten, op eender welk ogenblik, impliceert geenszins de verzaking aan die rechten.<\/li>\n<\/ol>\n<p><em><u>Bijzondere clausule<\/u><\/em><\/p>\n<p><em>\u00a0<\/em><em>\u201cDe klant is er zich van bewust dat de ondergrond volledig proper moet zijn v\u00f3\u00f3r de aanbrenging van de transparante antislip. De firma GripControl is niet verantwoordelijk voor kleurverschillen, oppervlakteverschillen,\u00a0 absorberen van vuil voor en na de behandeling met antislip,\u00a0 onzichtbare vervuilingen, en andere chemische reacties die de transparante antislip zou veroorzaken.\u00a0 <\/em><\/p>\n<p><em>\u00a0<\/em><em>Bovendien kan de firma GripControl\u00a0 niet verantwoordelijk gesteld worden voor de houdbaarheid van het product.\u201d te\u00a0 wijten aan diverse\u00a0 externe factoren.<\/em>[\/vc_column_text][\/vc_column][\/vc_row]<\/p>\n<\/div>","protected":false},"excerpt":{"rendered":"<p>[vc_row][vc_column][vc_column_text] ALGEMENE VERKOOPS-, LEVERINGS- EN BETALINGSVOORWAARDEN &nbsp; Behalve bijzondere voorwaarden, vermeld op de voorzijde van de factuur of van de bestelbon en ondertekend voor akkoord door de klant, zijn enkel en bij uitsluiting van elke andere, de voorwaarden van toepassing dewelke hieronder zijn vermeld. De bestekken en prijsoffertes zijn gebaseerd&#8230;<\/p>\n","protected":false},"author":1,"featured_media":0,"parent":0,"menu_order":0,"comment_status":"closed","ping_status":"closed","template":"","meta":{"footnotes":""},"yoast_head":"<!-- This site is optimized with the Yoast SEO plugin v24.5 - https:\/\/yoast.com\/wordpress\/plugins\/seo\/ -->\n<title>Algemene Verkoops-, Leverings- en Betalingsvoorwaarden - Gripcontrol<\/title>\n<meta name=\"robots\" content=\"index, follow, max-snippet:-1, max-image-preview:large, max-video-preview:-1\" \/>\n<link rel=\"canonical\" href=\"https:\/\/www.gripcontrol.be\/nl\/algemene-verkoopsvoorwaarden\/\" \/>\n<meta property=\"og:locale\" content=\"nl_NL\" \/>\n<meta property=\"og:type\" content=\"article\" \/>\n<meta property=\"og:title\" content=\"Algemene Verkoops-, Leverings- en Betalingsvoorwaarden - Gripcontrol\" \/>\n<meta property=\"og:description\" content=\"[vc_row][vc_column][vc_column_text] ALGEMENE VERKOOPS-, LEVERINGS- EN BETALINGSVOORWAARDEN &nbsp; Behalve bijzondere voorwaarden, vermeld op de voorzijde van de factuur of van de bestelbon en ondertekend voor akkoord door de klant, zijn enkel en bij uitsluiting van elke andere, de voorwaarden van toepassing dewelke hieronder zijn vermeld. De bestekken en prijsoffertes zijn gebaseerd...\" \/>\n<meta property=\"og:url\" content=\"https:\/\/www.gripcontrol.be\/nl\/algemene-verkoopsvoorwaarden\/\" \/>\n<meta property=\"og:site_name\" content=\"Gripcontrol\" \/>\n<meta property=\"article:modified_time\" content=\"2020-03-01T12:24:57+00:00\" \/>\n<meta name=\"twitter:card\" content=\"summary_large_image\" \/>\n<meta name=\"twitter:label1\" content=\"Geschatte leestijd\" \/>\n\t<meta name=\"twitter:data1\" content=\"6 minuten\" \/>\n<script type=\"application\/ld+json\" class=\"yoast-schema-graph\">{\"@context\":\"https:\/\/schema.org\",\"@graph\":[{\"@type\":\"WebPage\",\"@id\":\"https:\/\/www.gripcontrol.be\/nl\/algemene-verkoopsvoorwaarden\/\",\"url\":\"https:\/\/www.gripcontrol.be\/nl\/algemene-verkoopsvoorwaarden\/\",\"name\":\"Algemene Verkoops-, Leverings- en Betalingsvoorwaarden - Gripcontrol\",\"isPartOf\":{\"@id\":\"https:\/\/www.gripcontrol.be\/nl\/#website\"},\"datePublished\":\"2020-02-02T11:11:39+00:00\",\"dateModified\":\"2020-03-01T12:24:57+00:00\",\"breadcrumb\":{\"@id\":\"https:\/\/www.gripcontrol.be\/nl\/algemene-verkoopsvoorwaarden\/#breadcrumb\"},\"inLanguage\":\"nl-NL\",\"potentialAction\":[{\"@type\":\"ReadAction\",\"target\":[\"https:\/\/www.gripcontrol.be\/nl\/algemene-verkoopsvoorwaarden\/\"]}]},{\"@type\":\"BreadcrumbList\",\"@id\":\"https:\/\/www.gripcontrol.be\/nl\/algemene-verkoopsvoorwaarden\/#breadcrumb\",\"itemListElement\":[{\"@type\":\"ListItem\",\"position\":1,\"name\":\"Home\",\"item\":\"https:\/\/www.gripcontrol.be\/nl\/\"},{\"@type\":\"ListItem\",\"position\":2,\"name\":\"Algemene Verkoops-, Leverings- en Betalingsvoorwaarden\"}]},{\"@type\":\"WebSite\",\"@id\":\"https:\/\/www.gripcontrol.be\/nl\/#website\",\"url\":\"https:\/\/www.gripcontrol.be\/nl\/\",\"name\":\"Gripcontrol\",\"description\":\"Het optimaliseren van de vloerveiligheid, het aanbieden van veilige anti-slipoplossingen, die ongelukken vermijden\",\"potentialAction\":[{\"@type\":\"SearchAction\",\"target\":{\"@type\":\"EntryPoint\",\"urlTemplate\":\"https:\/\/www.gripcontrol.be\/nl\/?s={search_term_string}\"},\"query-input\":{\"@type\":\"PropertyValueSpecification\",\"valueRequired\":true,\"valueName\":\"search_term_string\"}}],\"inLanguage\":\"nl-NL\"}]}<\/script>\n<!-- \/ Yoast SEO plugin. -->","yoast_head_json":{"title":"Algemene Verkoops-, Leverings- en Betalingsvoorwaarden - Gripcontrol","robots":{"index":"index","follow":"follow","max-snippet":"max-snippet:-1","max-image-preview":"max-image-preview:large","max-video-preview":"max-video-preview:-1"},"canonical":"https:\/\/www.gripcontrol.be\/nl\/algemene-verkoopsvoorwaarden\/","og_locale":"nl_NL","og_type":"article","og_title":"Algemene Verkoops-, Leverings- en Betalingsvoorwaarden - Gripcontrol","og_description":"[vc_row][vc_column][vc_column_text] ALGEMENE VERKOOPS-, LEVERINGS- EN BETALINGSVOORWAARDEN &nbsp; Behalve bijzondere voorwaarden, vermeld op de voorzijde van de factuur of van de bestelbon en ondertekend voor akkoord door de klant, zijn enkel en bij uitsluiting van elke andere, de voorwaarden van toepassing dewelke hieronder zijn vermeld. De bestekken en prijsoffertes zijn gebaseerd...","og_url":"https:\/\/www.gripcontrol.be\/nl\/algemene-verkoopsvoorwaarden\/","og_site_name":"Gripcontrol","article_modified_time":"2020-03-01T12:24:57+00:00","twitter_card":"summary_large_image","twitter_misc":{"Geschatte leestijd":"6 minuten"},"schema":{"@context":"https:\/\/schema.org","@graph":[{"@type":"WebPage","@id":"https:\/\/www.gripcontrol.be\/nl\/algemene-verkoopsvoorwaarden\/","url":"https:\/\/www.gripcontrol.be\/nl\/algemene-verkoopsvoorwaarden\/","name":"Algemene Verkoops-, Leverings- en Betalingsvoorwaarden - Gripcontrol","isPartOf":{"@id":"https:\/\/www.gripcontrol.be\/nl\/#website"},"datePublished":"2020-02-02T11:11:39+00:00","dateModified":"2020-03-01T12:24:57+00:00","breadcrumb":{"@id":"https:\/\/www.gripcontrol.be\/nl\/algemene-verkoopsvoorwaarden\/#breadcrumb"},"inLanguage":"nl-NL","potentialAction":[{"@type":"ReadAction","target":["https:\/\/www.gripcontrol.be\/nl\/algemene-verkoopsvoorwaarden\/"]}]},{"@type":"BreadcrumbList","@id":"https:\/\/www.gripcontrol.be\/nl\/algemene-verkoopsvoorwaarden\/#breadcrumb","itemListElement":[{"@type":"ListItem","position":1,"name":"Home","item":"https:\/\/www.gripcontrol.be\/nl\/"},{"@type":"ListItem","position":2,"name":"Algemene Verkoops-, Leverings- en Betalingsvoorwaarden"}]},{"@type":"WebSite","@id":"https:\/\/www.gripcontrol.be\/nl\/#website","url":"https:\/\/www.gripcontrol.be\/nl\/","name":"Gripcontrol","description":"Het optimaliseren van de vloerveiligheid, het aanbieden van veilige anti-slipoplossingen, die ongelukken vermijden","potentialAction":[{"@type":"SearchAction","target":{"@type":"EntryPoint","urlTemplate":"https:\/\/www.gripcontrol.be\/nl\/?s={search_term_string}"},"query-input":{"@type":"PropertyValueSpecification","valueRequired":true,"valueName":"search_term_string"}}],"inLanguage":"nl-NL"}]}},"_links":{"self":[{"href":"https:\/\/www.gripcontrol.be\/nl\/wp-json\/wp\/v2\/pages\/1358"}],"collection":[{"href":"https:\/\/www.gripcontrol.be\/nl\/wp-json\/wp\/v2\/pages"}],"about":[{"href":"https:\/\/www.gripcontrol.be\/nl\/wp-json\/wp\/v2\/types\/page"}],"author":[{"embeddable":true,"href":"https:\/\/www.gripcontrol.be\/nl\/wp-json\/wp\/v2\/users\/1"}],"replies":[{"embeddable":true,"href":"https:\/\/www.gripcontrol.be\/nl\/wp-json\/wp\/v2\/comments?post=1358"}],"version-history":[{"count":4,"href":"https:\/\/www.gripcontrol.be\/nl\/wp-json\/wp\/v2\/pages\/1358\/revisions"}],"predecessor-version":[{"id":1397,"href":"https:\/\/www.gripcontrol.be\/nl\/wp-json\/wp\/v2\/pages\/1358\/revisions\/1397"}],"wp:attachment":[{"href":"https:\/\/www.gripcontrol.be\/nl\/wp-json\/wp\/v2\/media?parent=1358"}],"curies":[{"name":"wp","href":"https:\/\/api.w.org\/{rel}","templated":true}]}}