{"id":774,"date":"2016-03-09T13:55:49","date_gmt":"2016-03-09T13:55:49","guid":{"rendered":"http:\/\/8theme.com\/import\/legenda\/?page_id=774"},"modified":"2024-02-25T14:19:06","modified_gmt":"2024-02-25T14:19:06","slug":"home-corporate","status":"publish","type":"page","link":"https:\/\/www.gripcontrol.be\/fr\/","title":{"rendered":"Home"},"content":{"rendered":"<div class=\"wpb-content-wrapper\"><p>[vc_row css=&#8221;.vc_custom_1467126818454{margin-top: -30px !important;margin-bottom: 40px !important;}&#8221;][vc_column][vc_column_text]<\/p>\n<h2><strong>Traitement antid\u00e9rapant GripControl<\/strong><\/h2>\n<h3><strong>Optimiser la s\u00e9curit\u00e9 des sols, proposer des solutions antid\u00e9rapantes s\u00fbres qui \u00e9vitent les accidents.<\/strong><\/h3>\n<p>[\/vc_column_text][vc_row_inner equal_height=&#8221;yes&#8221;][vc_column_inner][vc_gallery interval=&#8221;0&#8243; images=&#8221;1297&#8243; img_size=&#8221;1200&#215;480&#8243;][vc_column_text]<\/p>\n<div class=\"two_third\">\n<p>GripControl est un traitement antid\u00e9rapant qui augmente consid\u00e9rablement la r\u00e9sistance au glissement des rev\u00eatements de sol. De plus, ce traitement convient \u00e0 toutes les surfaces min\u00e9rales et potentiellement humides, sans qu&#8217;il soit n\u00e9cessaire de remplacer les sols existants. La r\u00e9sistance au glissement d&#8217;un rev\u00eatement de sol est d\u00e9termin\u00e9e par un coefficient de frottement 100% transparent.<\/p>\n<p><strong>GripControl a la solution pour traiter les pierres (humides)<\/strong><br \/>\nTels que: les carreaux de c\u00e9ramique et les surfaces de b\u00e9ton lisses avec une couche transparente. Selon la surface, un sol peut \u00eatre trait\u00e9 en quelques heures et est imm\u00e9diatement pr\u00eat \u00e0 l&#8217;emploi.<\/p>\n<\/div>\n<p>[\/vc_column_text][\/vc_column_inner][\/vc_row_inner][vc_row_inner equal_height=&#8221;yes&#8221;][vc_column_inner width=&#8221;1\/3&#8243;][vc_column_text css=&#8221;.vc_custom_1708863291180{padding-top: 10px !important;padding-right: 10px !important;padding-bottom: 10px !important;padding-left: 10px !important;background-color: #1e73be !important;border-radius: 10px !important;}&#8221;]<strong><span style=\"color: #ffffff;\">Un concept innovant<\/span><\/strong><br \/>\n<span style=\"color: #ffffff;\">Optimiser la s\u00e9curit\u00e9 des sols, proposer des solutions antid\u00e9rapantes efficaces pr\u00e9venant les accidents est l&#8217;activit\u00e9 principale de GripControl.<\/span><\/p>\n<p><span style=\"color: #ffffff;\">GripControl\u00ae est le leader du march\u00e9 en mati\u00e8re de s\u00e9curit\u00e9 des sols lisses. Les sols lisses sont encore trop souvent dangereux.<\/span><\/p>\n<p><span style=\"color: #ffffff;\"> C&#8217;est pourquoi GripControl a d\u00e9velopp\u00e9 un traitement unique avec lequel il peut optimiser la s\u00e9curit\u00e9 des rev\u00eatements de sol plats, humides et lisses!<br \/>\n<\/span><\/p>\n<p>[\/vc_column_text][\/vc_column_inner][vc_column_inner width=&#8221;1\/3&#8243;][vc_column_text css=&#8221;.vc_custom_1708863348421{padding-top: 10px !important;padding-right: 10px !important;padding-bottom: 10px !important;padding-left: 10px !important;background-color: #1e73be !important;border-radius: 10px !important;}&#8221;]<span style=\"color: #ffffff;\"><strong>Le traitement antid\u00e9rapant pour:<\/strong><\/span><br \/>\n<span style=\"color: #ffffff;\">Planchers de tuiles lisses (humides) (c\u00e9ramique)<\/span><br \/>\n<span style=\"color: #ffffff;\">B\u00e9ton lisse<\/span><br \/>\n<span style=\"color: #ffffff;\">Certains sols en pierres naturelles<\/span><br \/>\n<span style=\"color: #ffffff;\">Baignoires et receveurs de douche en \u00e9mail<\/span><br \/>\n<span style=\"color: #ffffff;\">Ardoises<\/span><\/p>\n<p><span style=\"color: #ffffff;\"><strong>Traitement par un professionnel<\/strong><\/span><br \/>\n<span style=\"color: #ffffff;\">Dur\u00e9e, selon la saison, les temp\u00e9ratures int\u00e9rieures et ext\u00e9rieures. La salle est pr\u00eate imm\u00e9diatement apr\u00e8s le traitement. Aucune restriction en raison du temps d&#8217;attente ou de s\u00e9chage apr\u00e8s la derni\u00e8re couche appliqu\u00e9e.<\/span><\/p>\n<p>[\/vc_column_text][\/vc_column_inner][vc_column_inner width=&#8221;1\/3&#8243;][vc_column_text css=&#8221;.vc_custom_1708863276164{padding-top: 10px !important;padding-right: 10px !important;padding-bottom: 10px !important;padding-left: 10px !important;background-color: #1e73be !important;border-radius: 10px !important;}&#8221;]<span style=\"color: #ffffff;\"><strong>Pr\u00e9vention optimale des risques de glissade<\/strong><br \/>\nSans danger sur toutes les surfaces min\u00e9rales lisses et \/ ou humides. Efficace \u00e0 l&#8217;int\u00e9rieur et \u00e0 l&#8217;ext\u00e9rieur. Non perceptible et incolore.<\/span><\/p>\n<p><span style=\"color: #ffffff;\">Rapide, de 200 \u00e0 400 m\u00b2 par jour, selon la nature du sol \u00e0 traiter. Immobilisation limit\u00e9e du site (pas de temps de s\u00e9chage).<\/span><\/p>\n<p><span style=\"color: #ffffff;\">Abordable, co\u00fbte moins cher que toute autre alternative.<\/span><\/p>\n<p><span style=\"color: #ffffff;\">R\u00e9sistant, un seul traitement pendant plusieurs ann\u00e9es.<\/span><\/p>\n<p>[\/vc_column_text][\/vc_column_inner][\/vc_row_inner][vc_row_inner equal_height=&#8221;yes&#8221; css=&#8221;.vc_custom_1576422944698{padding-top: 10px !important;padding-right: 10px !important;padding-bottom: 10px !important;padding-left: 10px !important;background-color: #ffffff !important;background-position: 0 0 !important;background-repeat: repeat !important;}&#8221;][\/vc_row_inner][vc_row_inner][vc_column_inner width=&#8221;5\/6&#8243;][vc_column_text]<\/p>\n<h4><strong>Chutes<\/strong><\/h4>\n<p>Les glissades sur le sol sont les principales causes d&#8217;accidents majeurs apr\u00e8s la circulation. Presque tous ces accidents peuvent \u00eatre \u00e9vit\u00e9s en rendant le sol suffisamment antid\u00e9rapant. GripControl offre une solution incolore, facile \u00e0 entretenir et durable pour cela, principalement dans les applications avec des sols pierreux humides.<\/p>\n<p>&nbsp;<\/p>\n<h4><strong>GRIPCONTROL, LA SOLUTION INVISIBLE<\/strong><\/h4>\n<p>Il est arriv\u00e9 \u00e0 plusieurs reprises que les clients, lors de l&#8217;\u00e9valuation du sol sec, pensaient qu&#8217;aucun traitement n&#8217;avait eu lieu. Avec un sol mouill\u00e9, il se remarque imm\u00e9diatement en cours d&#8217;utilisation. Le sol trait\u00e9 ne pr\u00e9sente qu&#8217;un l\u00e9ger changement lorsqu&#8217;il est soigneusement examin\u00e9. GripControl n&#8217;applique aucune couche de peinture ou de rev\u00eatement, il ne laisse aucune trace ni r\u00e9sidu, il ne cr\u00e9e que des \u00e9l\u00e9vations microscopiques. Apr\u00e8s l&#8217;installation, le sol peut \u00eatre utilis\u00e9 et entretenu comme avant. Le sol a la qualit\u00e9 antid\u00e9rapante dont il a besoin et est raide lorsqu&#8217;il est pi\u00e9tin\u00e9, \u00e0 condition que le traitement soit effectu\u00e9 par un professionnel qualifi\u00e9.<\/p>\n<p>&nbsp;<\/p>\n<h4><img loading=\"lazy\" decoding=\"async\" class=\"alignleft wp-image-1455 size-medium\" src=\"https:\/\/www.gripcontrol.be\/fr\/wp-content\/uploads\/Spray-GripControl-300x225.jpg\" alt=\"Vaporisateur Gripcontrol\" width=\"300\" height=\"225\" srcset=\"https:\/\/www.gripcontrol.be\/fr\/wp-content\/uploads\/Spray-GripControl-300x225.jpg 300w, https:\/\/www.gripcontrol.be\/fr\/wp-content\/uploads\/Spray-GripControl.jpg 640w\" sizes=\"auto, (max-width: 300px) 100vw, 300px\" \/><strong><br \/>\nLE SOL EST PR\u00caT \u00c0 L&#8217;UTILISATION APR\u00c8S LE TRAITEMENT<br \/>\n<\/strong><\/h4>\n<p>La surface des carreaux existants doit \u00eatre nettoy\u00e9e \u00e0 l&#8217;eau afin d&#8217;\u00e9liminer la salet\u00e9, la chaux et \/ ou les r\u00e9sidus de savon. Lorsque le sol est d\u00e9graiss\u00e9, GripControl applique le syst\u00e8me antid\u00e9rapant GripControl. Apr\u00e8s le traitement antid\u00e9rapant, la r\u00e9sistance au d\u00e9rapage du sol trait\u00e9 est \u00e0 nouveau contr\u00f4l\u00e9e. La mesure est toujours effectu\u00e9e dans des conditions humides, car le syst\u00e8me antid\u00e9rapant GripControl est mieux utilis\u00e9 dans de telles z\u00f4nes , \u00e0 l&#8217;int\u00e9rieur comme \u00e0 l&#8217;ext\u00e9rieur. La mesure est un moyen de contr\u00f4le suppl\u00e9mentaire pour nos collaborateurs.<\/p>\n<p>&nbsp;<\/p>\n<p>&nbsp;<\/p>\n<h4><strong>UN DES AVANTAGES LES PLUS REMARQUABLES EST LE TEMPS DE TRAITEMENT RELATIVEMENT COURT<\/strong><\/h4>\n<p>Le traitement du sol avec GripControl Antiglisse n&#8217;est termin\u00e9 que lorsque les exigences sont remplies. L&#8217;applicateur fournit au consommateur des conseils \u00e9crits de nettoyages et d&#8217;entretiens apr\u00e8s le traitement. La mise en \u0153uvre est effectu\u00e9e par des sp\u00e9cialistes parfaitement form\u00e9s. Apr\u00e8s le traitement, le sol est imm\u00e9diatement pr\u00eat \u00e0 l&#8217;emploi.[\/vc_column_text][\/vc_column_inner][vc_column_inner width=&#8221;1\/6&#8243;][vc_column_text]<img loading=\"lazy\" decoding=\"async\" class=\"alignnone wp-image-1326 size-medium\" src=\"https:\/\/www.gripcontrol.be\/fr\/wp-content\/uploads\/gevaarlijke-vloer-220x300.jpg\" alt=\"Sol dangereux\" width=\"220\" height=\"300\" srcset=\"https:\/\/www.gripcontrol.be\/fr\/wp-content\/uploads\/gevaarlijke-vloer-220x300.jpg 220w, https:\/\/www.gripcontrol.be\/fr\/wp-content\/uploads\/gevaarlijke-vloer.jpg 300w\" sizes=\"auto, (max-width: 220px) 100vw, 220px\" \/>[\/vc_column_text][\/vc_column_inner][\/vc_row_inner][\/vc_column][\/vc_row][vc_row full_width=&#8221;stretch_row&#8221; css=&#8221;.vc_custom_1576411298374{padding-top: 10px !important;padding-bottom: 30px !important;background-color: #1e73be !important;}&#8221;][vc_column][vc_column_text][\/vc_column_text][vc_cta h2=&#8221;Voulez-vous en savoir plus sur notre produit?&#8221;]Saviez-vous que &#8230; il ne peut \u00eatre appliqu\u00e9 que dans des conditions m\u00e9t\u00e9orologiques s\u00e8ches et non humides &#8230;<\/p>\n<p>Saviez-vous que &#8230; le produit ne peut \u00eatre appliqu\u00e9 si la temp\u00e9rature ext\u00e9rieure d\u00e9passe 23 degr\u00e9s &#8230;<\/p>\n<p>Saviez-vous que &#8230; le produit ne peut pas \u00eatre appliqu\u00e9 en plein soleil &#8230;<\/p>\n<p>Saviez-vous que &#8230; les r\u00e9sidus de savon r\u00e9duisent consid\u00e9rablement la r\u00e9sistance au d\u00e9rapage de l&#8217;antid\u00e9rapant &#8230;<\/p>\n<p><a href=\"https:\/\/www.gripcontrol.be\/fr\/contact\/\">&gt; N&#8217;h\u00e9sitez pas \u00e0 nous contacter pour plus d&#8217;informations.<\/a>[\/vc_cta][vc_row_inner][vc_column_inner width=&#8221;1\/6&#8243;][\/vc_column_inner][vc_column_inner width=&#8221;1\/6&#8243;][\/vc_column_inner][vc_column_inner width=&#8221;1\/6&#8243;][vc_btn title=&#8221;Contact Entreprise\/ Professionnel&#8221; link=&#8221;url:https%3A%2F%2Fwww.gripcontrol.be%2Ffr%2Fcontact%2F|title:Aanvraag%20Bedrijven%20en%20Overheden||&#8221; css=&#8221;.vc_custom_1608457855229{padding-top: 10px !important;padding-right: 10px !important;padding-bottom: 10px !important;padding-left: 10px !important;}&#8221;][\/vc_column_inner][vc_column_inner width=&#8221;1\/6&#8243;][vc_btn title=&#8221;Contact Particulier&#8221; link=&#8221;url:http%3A%2F%2Fwww.gripcontrol.be%2Ffr%2Fparticulieren%2F|title:Aanvraag%20Particulieren||&#8221; css=&#8221;.vc_custom_1597579955990{padding-top: 10px !important;padding-right: 10px !important;padding-bottom: 10px !important;padding-left: 10px !important;}&#8221;][\/vc_column_inner][vc_column_inner width=&#8221;1\/6&#8243;][\/vc_column_inner][vc_column_inner width=&#8221;1\/6&#8243;][\/vc_column_inner][\/vc_row_inner][\/vc_column][\/vc_row][vc_row full_width=&#8221;stretch_row&#8221; css=&#8221;.vc_custom_1580640566917{background-color: #f4f4f4 !important;}&#8221;][vc_column width=&#8221;2\/3&#8243;][vc_column_text]<\/p>\n<h2 style=\"text-align: left;\">La responsabilit\u00e9 pour les accidents<\/h2>\n<div id=\"tab0\" class=\"tab_content\">\n<p>Le propri\u00e9taire \/ locataire d&#8217;un immeuble est responsable des accidents qui se produisent sur son site, toutes les mesures doivent \u00eatre prises pour ramener la douceur du sol dans les limites normales. Malheureusement glisser sur des sols mouill\u00e9s \u00a0est une source fr\u00e9quente d&#8217;accidents &#8211; tant priv\u00e9s que professionnels. Les cons\u00e9quences humaines et financi\u00e8res des accidents li\u00e9s au glissement des sols publics (au travail, maisons de repos, piscines, h\u00f4pitaux, supermarch\u00e9s, parkings, lieux publics, etc.) sont en augmentation constante. Le large \u00e9ventail de rev\u00eatements de sol ainsi que l&#8217;\u00e9volution du comportement des utilisateurs qui revendiquent de plus en plus leurs droits ont clairement sensibilis\u00e9 le gouvernement et les entreprises.<\/p>\n<\/div>\n<p>[\/vc_column_text][\/vc_column][vc_column width=&#8221;1\/3&#8243;][vc_cta h2=&#8221;&#8221; add_button=&#8221;bottom&#8221; btn_title=&#8221;Info&#8221; btn_color=&#8221;primary&#8221; btn_link=&#8221;url:http%3A%2F%2Fwww.gripcontrol.be%2Ffr%2Fcontact%2F|title:Aanvraag%20Particulieren||&#8221; css=&#8221;.vc_custom_1607854994253{padding-top: 10px !important;padding-right: 10px !important;padding-bottom: 10px !important;padding-left: 10px !important;background-color: #1e73be !important;border-radius: 10px !important;}&#8221;]<\/p>\n<h2><span style=\"color: #ffffff;\">Faites le vous-m\u00eame!<\/span><\/h2>\n<p><span style=\"color: #ffffff;\">Pour les espaces plus petits comme une salle de bain ou une cuisine nous avons des options plus ais\u00e9es pour les particuliers et techniciens de surface.<\/span><\/p>\n<p><img loading=\"lazy\" decoding=\"async\" class=\"alignnone wp-image-1592 size-medium\" src=\"https:\/\/www.gripcontrol.be\/fr\/wp-content\/uploads\/gripcontrol-antislip-225x300.jpg\" alt=\"Antid\u00e9rapant transparant\" width=\"225\" height=\"300\" srcset=\"https:\/\/www.gripcontrol.be\/fr\/wp-content\/uploads\/gripcontrol-antislip-225x300.jpg 225w, https:\/\/www.gripcontrol.be\/fr\/wp-content\/uploads\/gripcontrol-antislip.jpg 300w\" sizes=\"auto, (max-width: 225px) 100vw, 225px\" \/>[\/vc_cta][\/vc_column][\/vc_row][vc_row][vc_column][vc_single_image image=&#8221;1292&#8243; img_size=&#8221;full&#8221; title=&#8221;Secteur distribution\/ GripControl Antiglisse transparent&#8221;][\/vc_column][\/vc_row]<\/p>\n<\/div>","protected":false},"excerpt":{"rendered":"<p>[vc_row css=&#8221;.vc_custom_1467126818454{margin-top: -30px !important;margin-bottom: 40px !important;}&#8221;][vc_column][vc_column_text] Traitement antid\u00e9rapant GripControl Optimiser la s\u00e9curit\u00e9 des sols, proposer des solutions antid\u00e9rapantes s\u00fbres qui \u00e9vitent les accidents. [\/vc_column_text][vc_row_inner equal_height=&#8221;yes&#8221;][vc_column_inner][vc_gallery interval=&#8221;0&#8243; images=&#8221;1297&#8243; img_size=&#8221;1200&#215;480&#8243;][vc_column_text] GripControl est un traitement antid\u00e9rapant qui augmente consid\u00e9rablement la r\u00e9sistance au glissement des rev\u00eatements de sol. De plus, ce traitement convient \u00e0&#8230;<\/p>\n","protected":false},"author":1,"featured_media":0,"parent":0,"menu_order":0,"comment_status":"closed","ping_status":"closed","template":"","meta":{"footnotes":""},"class_list":["post-774","page","type-page","status-publish","hentry"],"yoast_head":"<!-- This site is optimized with the Yoast SEO plugin v27.3 - https:\/\/yoast.com\/product\/yoast-seo-wordpress\/ -->\n<title>Home - Gripcontrol<\/title>\n<meta name=\"robots\" content=\"index, follow, max-snippet:-1, max-image-preview:large, max-video-preview:-1\" \/>\n<link rel=\"canonical\" href=\"https:\/\/www.gripcontrol.be\/fr\/\" \/>\n<meta property=\"og:locale\" content=\"nl_NL\" \/>\n<meta property=\"og:type\" content=\"article\" \/>\n<meta property=\"og:title\" content=\"Home - Gripcontrol\" \/>\n<meta property=\"og:description\" content=\"[vc_row css=&#8221;.vc_custom_1467126818454{margin-top: -30px !important;margin-bottom: 40px !important;}&#8221;][vc_column][vc_column_text] Traitement antid\u00e9rapant GripControl Optimiser la s\u00e9curit\u00e9 des sols, proposer des solutions antid\u00e9rapantes s\u00fbres qui \u00e9vitent les accidents. [\/vc_column_text][vc_row_inner equal_height=&#8221;yes&#8221;][vc_column_inner][vc_gallery interval=&#8221;0&#8243; images=&#8221;1297&#8243; img_size=&#8221;1200&#215;480&#8243;][vc_column_text] GripControl est un traitement antid\u00e9rapant qui augmente consid\u00e9rablement la r\u00e9sistance au glissement des rev\u00eatements de sol. De plus, ce traitement convient \u00e0...\" \/>\n<meta property=\"og:url\" content=\"https:\/\/www.gripcontrol.be\/fr\/\" \/>\n<meta property=\"og:site_name\" content=\"Gripcontrol\" \/>\n<meta property=\"article:modified_time\" content=\"2024-02-25T14:19:06+00:00\" \/>\n<meta property=\"og:image\" content=\"https:\/\/www.gripcontrol.be\/fr\/wp-content\/uploads\/Spray-GripControl-300x225.jpg\" \/>\n<meta name=\"twitter:card\" content=\"summary_large_image\" \/>\n<meta name=\"twitter:label1\" content=\"Geschatte leestijd\" \/>\n\t<meta name=\"twitter:data1\" content=\"6 minuten\" \/>\n<script type=\"application\/ld+json\" class=\"yoast-schema-graph\">{\"@context\":\"https:\\\/\\\/schema.org\",\"@graph\":[{\"@type\":\"WebPage\",\"@id\":\"https:\\\/\\\/www.gripcontrol.be\\\/fr\\\/\",\"url\":\"https:\\\/\\\/www.gripcontrol.be\\\/fr\\\/\",\"name\":\"Home - Gripcontrol\",\"isPartOf\":{\"@id\":\"https:\\\/\\\/www.gripcontrol.be\\\/fr\\\/#website\"},\"primaryImageOfPage\":{\"@id\":\"https:\\\/\\\/www.gripcontrol.be\\\/fr\\\/#primaryimage\"},\"image\":{\"@id\":\"https:\\\/\\\/www.gripcontrol.be\\\/fr\\\/#primaryimage\"},\"thumbnailUrl\":\"https:\\\/\\\/www.gripcontrol.be\\\/fr\\\/wp-content\\\/uploads\\\/Spray-GripControl-300x225.jpg\",\"datePublished\":\"2016-03-09T13:55:49+00:00\",\"dateModified\":\"2024-02-25T14:19:06+00:00\",\"breadcrumb\":{\"@id\":\"https:\\\/\\\/www.gripcontrol.be\\\/fr\\\/#breadcrumb\"},\"inLanguage\":\"nl-NL\",\"potentialAction\":[{\"@type\":\"ReadAction\",\"target\":[\"https:\\\/\\\/www.gripcontrol.be\\\/fr\\\/\"]}]},{\"@type\":\"ImageObject\",\"inLanguage\":\"nl-NL\",\"@id\":\"https:\\\/\\\/www.gripcontrol.be\\\/fr\\\/#primaryimage\",\"url\":\"https:\\\/\\\/www.gripcontrol.be\\\/fr\\\/wp-content\\\/uploads\\\/Spray-GripControl.jpg\",\"contentUrl\":\"https:\\\/\\\/www.gripcontrol.be\\\/fr\\\/wp-content\\\/uploads\\\/Spray-GripControl.jpg\",\"width\":640,\"height\":480,\"caption\":\"vaporisateur GripControl\"},{\"@type\":\"BreadcrumbList\",\"@id\":\"https:\\\/\\\/www.gripcontrol.be\\\/fr\\\/#breadcrumb\",\"itemListElement\":[{\"@type\":\"ListItem\",\"position\":1,\"name\":\"Home\",\"item\":\"https:\\\/\\\/www.gripcontrol.be\\\/fr\\\/\"},{\"@type\":\"ListItem\",\"position\":2,\"name\":\"Home\"}]},{\"@type\":\"WebSite\",\"@id\":\"https:\\\/\\\/www.gripcontrol.be\\\/fr\\\/#website\",\"url\":\"https:\\\/\\\/www.gripcontrol.be\\\/fr\\\/\",\"name\":\"Gripcontrol\",\"description\":\"Optimiser la s\u00e9curit\u00e9 des sols en proposant des solutions antid\u00e9rapantes s\u00fbres qui \u00e9vitent les accidents\",\"potentialAction\":[{\"@type\":\"SearchAction\",\"target\":{\"@type\":\"EntryPoint\",\"urlTemplate\":\"https:\\\/\\\/www.gripcontrol.be\\\/fr\\\/?s={search_term_string}\"},\"query-input\":{\"@type\":\"PropertyValueSpecification\",\"valueRequired\":true,\"valueName\":\"search_term_string\"}}],\"inLanguage\":\"nl-NL\"}]}<\/script>\n<!-- \/ Yoast SEO plugin. -->","yoast_head_json":{"title":"Home - Gripcontrol","robots":{"index":"index","follow":"follow","max-snippet":"max-snippet:-1","max-image-preview":"max-image-preview:large","max-video-preview":"max-video-preview:-1"},"canonical":"https:\/\/www.gripcontrol.be\/fr\/","og_locale":"nl_NL","og_type":"article","og_title":"Home - Gripcontrol","og_description":"[vc_row css=&#8221;.vc_custom_1467126818454{margin-top: -30px !important;margin-bottom: 40px !important;}&#8221;][vc_column][vc_column_text] Traitement antid\u00e9rapant GripControl Optimiser la s\u00e9curit\u00e9 des sols, proposer des solutions antid\u00e9rapantes s\u00fbres qui \u00e9vitent les accidents. [\/vc_column_text][vc_row_inner equal_height=&#8221;yes&#8221;][vc_column_inner][vc_gallery interval=&#8221;0&#8243; images=&#8221;1297&#8243; img_size=&#8221;1200&#215;480&#8243;][vc_column_text] GripControl est un traitement antid\u00e9rapant qui augmente consid\u00e9rablement la r\u00e9sistance au glissement des rev\u00eatements de sol. De plus, ce traitement convient \u00e0...","og_url":"https:\/\/www.gripcontrol.be\/fr\/","og_site_name":"Gripcontrol","article_modified_time":"2024-02-25T14:19:06+00:00","og_image":[{"url":"https:\/\/www.gripcontrol.be\/fr\/wp-content\/uploads\/Spray-GripControl-300x225.jpg","type":"","width":"","height":""}],"twitter_card":"summary_large_image","twitter_misc":{"Geschatte leestijd":"6 minuten"},"schema":{"@context":"https:\/\/schema.org","@graph":[{"@type":"WebPage","@id":"https:\/\/www.gripcontrol.be\/fr\/","url":"https:\/\/www.gripcontrol.be\/fr\/","name":"Home - Gripcontrol","isPartOf":{"@id":"https:\/\/www.gripcontrol.be\/fr\/#website"},"primaryImageOfPage":{"@id":"https:\/\/www.gripcontrol.be\/fr\/#primaryimage"},"image":{"@id":"https:\/\/www.gripcontrol.be\/fr\/#primaryimage"},"thumbnailUrl":"https:\/\/www.gripcontrol.be\/fr\/wp-content\/uploads\/Spray-GripControl-300x225.jpg","datePublished":"2016-03-09T13:55:49+00:00","dateModified":"2024-02-25T14:19:06+00:00","breadcrumb":{"@id":"https:\/\/www.gripcontrol.be\/fr\/#breadcrumb"},"inLanguage":"nl-NL","potentialAction":[{"@type":"ReadAction","target":["https:\/\/www.gripcontrol.be\/fr\/"]}]},{"@type":"ImageObject","inLanguage":"nl-NL","@id":"https:\/\/www.gripcontrol.be\/fr\/#primaryimage","url":"https:\/\/www.gripcontrol.be\/fr\/wp-content\/uploads\/Spray-GripControl.jpg","contentUrl":"https:\/\/www.gripcontrol.be\/fr\/wp-content\/uploads\/Spray-GripControl.jpg","width":640,"height":480,"caption":"vaporisateur GripControl"},{"@type":"BreadcrumbList","@id":"https:\/\/www.gripcontrol.be\/fr\/#breadcrumb","itemListElement":[{"@type":"ListItem","position":1,"name":"Home","item":"https:\/\/www.gripcontrol.be\/fr\/"},{"@type":"ListItem","position":2,"name":"Home"}]},{"@type":"WebSite","@id":"https:\/\/www.gripcontrol.be\/fr\/#website","url":"https:\/\/www.gripcontrol.be\/fr\/","name":"Gripcontrol","description":"Optimiser la s\u00e9curit\u00e9 des sols en proposant des solutions antid\u00e9rapantes s\u00fbres qui \u00e9vitent les accidents","potentialAction":[{"@type":"SearchAction","target":{"@type":"EntryPoint","urlTemplate":"https:\/\/www.gripcontrol.be\/fr\/?s={search_term_string}"},"query-input":{"@type":"PropertyValueSpecification","valueRequired":true,"valueName":"search_term_string"}}],"inLanguage":"nl-NL"}]}},"_links":{"self":[{"href":"https:\/\/www.gripcontrol.be\/fr\/wp-json\/wp\/v2\/pages\/774","targetHints":{"allow":["GET"]}}],"collection":[{"href":"https:\/\/www.gripcontrol.be\/fr\/wp-json\/wp\/v2\/pages"}],"about":[{"href":"https:\/\/www.gripcontrol.be\/fr\/wp-json\/wp\/v2\/types\/page"}],"author":[{"embeddable":true,"href":"https:\/\/www.gripcontrol.be\/fr\/wp-json\/wp\/v2\/users\/1"}],"replies":[{"embeddable":true,"href":"https:\/\/www.gripcontrol.be\/fr\/wp-json\/wp\/v2\/comments?post=774"}],"version-history":[{"count":137,"href":"https:\/\/www.gripcontrol.be\/fr\/wp-json\/wp\/v2\/pages\/774\/revisions"}],"predecessor-version":[{"id":1721,"href":"https:\/\/www.gripcontrol.be\/fr\/wp-json\/wp\/v2\/pages\/774\/revisions\/1721"}],"wp:attachment":[{"href":"https:\/\/www.gripcontrol.be\/fr\/wp-json\/wp\/v2\/media?parent=774"}],"curies":[{"name":"wp","href":"https:\/\/api.w.org\/{rel}","templated":true}]}}