{"id":1358,"date":"2020-02-02T11:11:39","date_gmt":"2020-02-02T11:11:39","guid":{"rendered":"https:\/\/www.gripcontrol.be\/fr\/?page_id=1358"},"modified":"2020-08-27T15:56:28","modified_gmt":"2020-08-27T15:56:28","slug":"conditions-generales-de-vente-livraison-paiement","status":"publish","type":"page","link":"https:\/\/www.gripcontrol.be\/fr\/conditions-generales-de-vente-livraison-paiement\/","title":{"rendered":"CONDITIONS GENERALES DE VENTE, DE LIVRAISON ET DE PAIEMENT"},"content":{"rendered":"<div class=\"wpb-content-wrapper\"><p>[vc_row][vc_column][vc_column_text]<\/p>\n<h2>CONDITIONS GENERALES DE VENTE, DE LIVRAISON ET DE PAIEMENT<\/h2>\n<p>&nbsp;<\/p>\n<ol>\n<li>Sauf conditions particuli\u00e8res, mentionn\u00e9es au recto de la facture ou du bon de commande et sign\u00e9es pour accord par le client, sont seules valables et \u00e0 l\u2019exclusion de toutes autres, les conditions d\u2019application reprises ci-dessous.<\/li>\n<li>Les devis et offres de prix sont bas\u00e9s sur les prix actuels des r\u00e9mun\u00e9rations, mat\u00e9riaux et services. Si ceux-ci subissent des modifications ind\u00e9pendantes de la volont\u00e9 du vendeur, celui-ci se r\u00e9serve le droit d\u2019adapter proportionnellement les prix. Le client a le droit de r\u00e9silier la convention dans les huit jours apr\u00e8s que la modification de prix lui ait \u00e9t\u00e9 signifi\u00e9e.<\/li>\n<li>Toute r\u00e9clamation concernant la livraison et relatives \u00e0 la conformit\u00e9 et aux d\u00e9fauts visibles, doit \u00eatre communiqu\u00e9e au vendeur dans un d\u00e9lai de huit jours apr\u00e8s la livraison et en tout cas avant l\u2019utilisation ou la revente des biens.<\/li>\n<li>Toute r\u00e9clamation relative \u00e0 la facture doit \u00eatre adress\u00e9e au vendeur par \u00e9crit dans les huit jours de la date de facturation, en y indiquant la date et le num\u00e9ro de facture.<\/li>\n<li>Toutes les factures du vendeur sont payables au comptant, sauf stipulation contraire.<\/li>\n<li>En cas de non- paiement de la facture dans le d\u00e9lai prescrit, il sera d\u00fb \u00e0 partir de la date d\u2019\u00e9ch\u00e9ance, de plein droit et sans mise en demeure pr\u00e9alable, un int\u00e9r\u00eat de retard \u00e9gal au taux l\u00e9gal. En outre, il sera d\u00fb une indemnit\u00e9 forfaitaire de 10 % du montant total de la facture.<\/li>\n<li>En cas d\u2019annulation de la commande, l\u2019acheteur sera \u00e9galement tenu au paiement d\u2019une indemnit\u00e9 de d\u00e9dommagement forfaitaire de 10 % de la valeur de la commande, avec un minimum de 50,00 \u20ac, sans pr\u00e9judice de dommages et int\u00e9r\u00eats plus \u00e9lev\u00e9s. Si la convention est annul\u00e9e par le vendeur, des dommages et int\u00e9r\u00eats \u00e9quivalents seront dus \u00e0 l\u2019acheteur.<\/li>\n<li>Tant que les biens livr\u00e9s ne sont pas pay\u00e9s, ils restent la propri\u00e9t\u00e9 du vendeur.<\/li>\n<li>En cas de contestation, sont seuls territorialement comp\u00e9tents, les tribunaux ou le juge de paix du si\u00e8ge social, du si\u00e8ge d\u2019exploitation ou du domicile du vendeur. Seulement le droit belge est d\u2019application.<\/li>\n<li>Si l\u2019acheteur n\u2019enl\u00e8ve pas les marchandises \u00e0 la date qui lui a \u00e9t\u00e9 communiqu\u00e9e, le vendeur se r\u00e9serve le droit, \u00e0 partir de l\u2019expiration d\u2019un d\u00e9lai de quinze jours, de consid\u00e9rer la convention comme r\u00e9sili\u00e9e, sans mise en demeure pr\u00e9alable. La conservation des biens en attente de livraison ou d\u2019enl\u00e8vement s\u2019effectue aux frais et aux risques de l\u2019acheteur.<\/li>\n<li>Les deux parties peuvent mettre fin \u00e0 la convention, sans indemnit\u00e9, en cas d\u2019impossibilit\u00e9 d\u2019ex\u00e9cution suite \u00e0 la force majeure, la gr\u00e8ve, le lock-out (voir confinement),la gr\u00e8ve de l\u2019autre partie, pand\u00e9mie, \u00e9pid\u00e9mie entre autres.<\/li>\n<li>Le vendeur se r\u00e9serve \u00e9galement le droit de consid\u00e9rer la convention comme r\u00e9sili\u00e9e de plein droit et sans mise en demeure pr\u00e9alable, en cas de faillite ou d\u2019insolvabilit\u00e9 notoire de l\u2019acheteur.<\/li>\n<li>Tous les autres frais de recouvrement qui s\u2019\u00e9l\u00e8vent au-dessus de l\u2019indemnit\u00e9 forfaitaire de l\u2019article 7 seront port\u00e9s s\u00e9par\u00e9ment en compte \u00e0 l\u2019acheteur.<\/li>\n<li>Si le vendeur s\u2019engage \u00e0 livrer des services ou des prestations, le tiers du montant devra lui \u00eatre pay\u00e9 \u00e0 la signature du bon de commande, un tiers au d\u00e9but des prestations ou des services et un tiers \u00e0 la livraison ou \u00e0 l\u2019ach\u00e8vement.<\/li>\n<li>En cas de non-paiement, le vendeur se r\u00e9serve le droit d\u2019interrompre des livraisons, prestations et services.<\/li>\n<li>En cas de non- paiement, le vendeur se r\u00e9serve le droit de consid\u00e9rer la convention comme r\u00e9sili\u00e9e de plein droit et sans qu\u2019une mise en demeure pr\u00e9alable ne soit n\u00e9cessaire, pour la totalit\u00e9 ou pour la partie non encore ex\u00e9cut\u00e9e.<\/li>\n<li>Les biens sont exp\u00e9di\u00e9s aux risques de l\u2019acheteur, sauf en cas de faute intentionnelle ou de faute lourde dans le chef du transporteur. Les frais de transport sont \u00e0 charge de l\u2019acheteur, sauf stipulation contraire.<\/li>\n<li>GripControl garantit que le carrelage trait\u00e9 sera moins glissant que celui d\u2019origine. Cependant le glissement pourrait \u00eatre pr\u00e9sent suivant la semelle de la chaussure et de l\u2019application des produits d\u2019entretien.\u2026.<\/li>\n<\/ol>\n<p>GripControl ne garantit pas que les accidents de glissade ne se reproduiront plus. De plus, GripControl n&#8217;est pas responsable des accidents si le client ne respecte pas les consignes de s\u00e9curit\u00e9 et d&#8217;entretien. Les consignes de s\u00e9curit\u00e9 et de maintenance sont transmises au client lors de la signature du contrat et font partie int\u00e9grante de la relation contractuelle.<\/p>\n<p>&nbsp;<\/p>\n<p>[\/vc_column_text][\/vc_column][\/vc_row]<\/p>\n<\/div>","protected":false},"excerpt":{"rendered":"<p>[vc_row][vc_column][vc_column_text] CONDITIONS GENERALES DE VENTE, DE LIVRAISON ET DE PAIEMENT &nbsp; Sauf conditions particuli\u00e8res, mentionn\u00e9es au recto de la facture ou du bon de commande et sign\u00e9es pour accord par le client, sont seules valables et \u00e0 l\u2019exclusion de toutes autres, les conditions d\u2019application reprises ci-dessous. Les devis et offres&#8230;<\/p>\n","protected":false},"author":1,"featured_media":0,"parent":0,"menu_order":0,"comment_status":"closed","ping_status":"closed","template":"","meta":{"footnotes":""},"class_list":["post-1358","page","type-page","status-publish","hentry"],"yoast_head":"<!-- This site is optimized with the Yoast SEO plugin v27.3 - https:\/\/yoast.com\/product\/yoast-seo-wordpress\/ -->\n<title>CONDITIONS GENERALES DE VENTE, DE LIVRAISON ET DE PAIEMENT - Gripcontrol<\/title>\n<meta name=\"robots\" content=\"index, follow, max-snippet:-1, max-image-preview:large, max-video-preview:-1\" \/>\n<link rel=\"canonical\" href=\"https:\/\/www.gripcontrol.be\/fr\/conditions-generales-de-vente-livraison-paiement\/\" \/>\n<meta property=\"og:locale\" content=\"nl_NL\" \/>\n<meta property=\"og:type\" content=\"article\" \/>\n<meta property=\"og:title\" content=\"CONDITIONS GENERALES DE VENTE, DE LIVRAISON ET DE PAIEMENT - Gripcontrol\" \/>\n<meta property=\"og:description\" content=\"[vc_row][vc_column][vc_column_text] CONDITIONS GENERALES DE VENTE, DE LIVRAISON ET DE PAIEMENT &nbsp; Sauf conditions particuli\u00e8res, mentionn\u00e9es au recto de la facture ou du bon de commande et sign\u00e9es pour accord par le client, sont seules valables et \u00e0 l\u2019exclusion de toutes autres, les conditions d\u2019application reprises ci-dessous. Les devis et offres...\" \/>\n<meta property=\"og:url\" content=\"https:\/\/www.gripcontrol.be\/fr\/conditions-generales-de-vente-livraison-paiement\/\" \/>\n<meta property=\"og:site_name\" content=\"Gripcontrol\" \/>\n<meta property=\"article:modified_time\" content=\"2020-08-27T15:56:28+00:00\" \/>\n<meta name=\"twitter:card\" content=\"summary_large_image\" \/>\n<meta name=\"twitter:label1\" content=\"Geschatte leestijd\" \/>\n\t<meta name=\"twitter:data1\" content=\"4 minuten\" \/>\n<script type=\"application\/ld+json\" class=\"yoast-schema-graph\">{\"@context\":\"https:\\\/\\\/schema.org\",\"@graph\":[{\"@type\":\"WebPage\",\"@id\":\"https:\\\/\\\/www.gripcontrol.be\\\/fr\\\/conditions-generales-de-vente-livraison-paiement\\\/\",\"url\":\"https:\\\/\\\/www.gripcontrol.be\\\/fr\\\/conditions-generales-de-vente-livraison-paiement\\\/\",\"name\":\"CONDITIONS GENERALES DE VENTE, DE LIVRAISON ET DE PAIEMENT - Gripcontrol\",\"isPartOf\":{\"@id\":\"https:\\\/\\\/www.gripcontrol.be\\\/fr\\\/#website\"},\"datePublished\":\"2020-02-02T11:11:39+00:00\",\"dateModified\":\"2020-08-27T15:56:28+00:00\",\"breadcrumb\":{\"@id\":\"https:\\\/\\\/www.gripcontrol.be\\\/fr\\\/conditions-generales-de-vente-livraison-paiement\\\/#breadcrumb\"},\"inLanguage\":\"nl-NL\",\"potentialAction\":[{\"@type\":\"ReadAction\",\"target\":[\"https:\\\/\\\/www.gripcontrol.be\\\/fr\\\/conditions-generales-de-vente-livraison-paiement\\\/\"]}]},{\"@type\":\"BreadcrumbList\",\"@id\":\"https:\\\/\\\/www.gripcontrol.be\\\/fr\\\/conditions-generales-de-vente-livraison-paiement\\\/#breadcrumb\",\"itemListElement\":[{\"@type\":\"ListItem\",\"position\":1,\"name\":\"Home\",\"item\":\"https:\\\/\\\/www.gripcontrol.be\\\/fr\\\/\"},{\"@type\":\"ListItem\",\"position\":2,\"name\":\"CONDITIONS GENERALES DE VENTE, DE LIVRAISON ET DE PAIEMENT\"}]},{\"@type\":\"WebSite\",\"@id\":\"https:\\\/\\\/www.gripcontrol.be\\\/fr\\\/#website\",\"url\":\"https:\\\/\\\/www.gripcontrol.be\\\/fr\\\/\",\"name\":\"Gripcontrol\",\"description\":\"Optimiser la s\u00e9curit\u00e9 des sols en proposant des solutions antid\u00e9rapantes s\u00fbres qui \u00e9vitent les accidents\",\"potentialAction\":[{\"@type\":\"SearchAction\",\"target\":{\"@type\":\"EntryPoint\",\"urlTemplate\":\"https:\\\/\\\/www.gripcontrol.be\\\/fr\\\/?s={search_term_string}\"},\"query-input\":{\"@type\":\"PropertyValueSpecification\",\"valueRequired\":true,\"valueName\":\"search_term_string\"}}],\"inLanguage\":\"nl-NL\"}]}<\/script>\n<!-- \/ Yoast SEO plugin. -->","yoast_head_json":{"title":"CONDITIONS GENERALES DE VENTE, DE LIVRAISON ET DE PAIEMENT - Gripcontrol","robots":{"index":"index","follow":"follow","max-snippet":"max-snippet:-1","max-image-preview":"max-image-preview:large","max-video-preview":"max-video-preview:-1"},"canonical":"https:\/\/www.gripcontrol.be\/fr\/conditions-generales-de-vente-livraison-paiement\/","og_locale":"nl_NL","og_type":"article","og_title":"CONDITIONS GENERALES DE VENTE, DE LIVRAISON ET DE PAIEMENT - Gripcontrol","og_description":"[vc_row][vc_column][vc_column_text] CONDITIONS GENERALES DE VENTE, DE LIVRAISON ET DE PAIEMENT &nbsp; Sauf conditions particuli\u00e8res, mentionn\u00e9es au recto de la facture ou du bon de commande et sign\u00e9es pour accord par le client, sont seules valables et \u00e0 l\u2019exclusion de toutes autres, les conditions d\u2019application reprises ci-dessous. Les devis et offres...","og_url":"https:\/\/www.gripcontrol.be\/fr\/conditions-generales-de-vente-livraison-paiement\/","og_site_name":"Gripcontrol","article_modified_time":"2020-08-27T15:56:28+00:00","twitter_card":"summary_large_image","twitter_misc":{"Geschatte leestijd":"4 minuten"},"schema":{"@context":"https:\/\/schema.org","@graph":[{"@type":"WebPage","@id":"https:\/\/www.gripcontrol.be\/fr\/conditions-generales-de-vente-livraison-paiement\/","url":"https:\/\/www.gripcontrol.be\/fr\/conditions-generales-de-vente-livraison-paiement\/","name":"CONDITIONS GENERALES DE VENTE, DE LIVRAISON ET DE PAIEMENT - Gripcontrol","isPartOf":{"@id":"https:\/\/www.gripcontrol.be\/fr\/#website"},"datePublished":"2020-02-02T11:11:39+00:00","dateModified":"2020-08-27T15:56:28+00:00","breadcrumb":{"@id":"https:\/\/www.gripcontrol.be\/fr\/conditions-generales-de-vente-livraison-paiement\/#breadcrumb"},"inLanguage":"nl-NL","potentialAction":[{"@type":"ReadAction","target":["https:\/\/www.gripcontrol.be\/fr\/conditions-generales-de-vente-livraison-paiement\/"]}]},{"@type":"BreadcrumbList","@id":"https:\/\/www.gripcontrol.be\/fr\/conditions-generales-de-vente-livraison-paiement\/#breadcrumb","itemListElement":[{"@type":"ListItem","position":1,"name":"Home","item":"https:\/\/www.gripcontrol.be\/fr\/"},{"@type":"ListItem","position":2,"name":"CONDITIONS GENERALES DE VENTE, DE LIVRAISON ET DE PAIEMENT"}]},{"@type":"WebSite","@id":"https:\/\/www.gripcontrol.be\/fr\/#website","url":"https:\/\/www.gripcontrol.be\/fr\/","name":"Gripcontrol","description":"Optimiser la s\u00e9curit\u00e9 des sols en proposant des solutions antid\u00e9rapantes s\u00fbres qui \u00e9vitent les accidents","potentialAction":[{"@type":"SearchAction","target":{"@type":"EntryPoint","urlTemplate":"https:\/\/www.gripcontrol.be\/fr\/?s={search_term_string}"},"query-input":{"@type":"PropertyValueSpecification","valueRequired":true,"valueName":"search_term_string"}}],"inLanguage":"nl-NL"}]}},"_links":{"self":[{"href":"https:\/\/www.gripcontrol.be\/fr\/wp-json\/wp\/v2\/pages\/1358","targetHints":{"allow":["GET"]}}],"collection":[{"href":"https:\/\/www.gripcontrol.be\/fr\/wp-json\/wp\/v2\/pages"}],"about":[{"href":"https:\/\/www.gripcontrol.be\/fr\/wp-json\/wp\/v2\/types\/page"}],"author":[{"embeddable":true,"href":"https:\/\/www.gripcontrol.be\/fr\/wp-json\/wp\/v2\/users\/1"}],"replies":[{"embeddable":true,"href":"https:\/\/www.gripcontrol.be\/fr\/wp-json\/wp\/v2\/comments?post=1358"}],"version-history":[{"count":6,"href":"https:\/\/www.gripcontrol.be\/fr\/wp-json\/wp\/v2\/pages\/1358\/revisions"}],"predecessor-version":[{"id":1628,"href":"https:\/\/www.gripcontrol.be\/fr\/wp-json\/wp\/v2\/pages\/1358\/revisions\/1628"}],"wp:attachment":[{"href":"https:\/\/www.gripcontrol.be\/fr\/wp-json\/wp\/v2\/media?parent=1358"}],"curies":[{"name":"wp","href":"https:\/\/api.w.org\/{rel}","templated":true}]}}