{"id":1341,"date":"2020-02-02T10:52:07","date_gmt":"2020-02-02T10:52:07","guid":{"rendered":"https:\/\/www.gripcontrol.be\/fr\/?page_id=1341"},"modified":"2024-02-11T12:16:59","modified_gmt":"2024-02-11T12:16:59","slug":"disclaimer","status":"publish","type":"page","link":"https:\/\/www.gripcontrol.be\/fr\/disclaimer\/","title":{"rendered":"Disclaimer"},"content":{"rendered":"<div class=\"wpb-content-wrapper\"><p>[vc_row][vc_column width=&#8221;2\/3&#8243;][vc_column_text]<\/p>\n<h2>Disclaimer<\/h2>\n<p><strong>In deze disclaimer wordt verstaan onder:<br \/>\n<\/strong>de eigenaar: Gripcontrol<br \/>\ngebruik(en): alle denkbare handelingen;<br \/>\nu: de gebruiker (bezoeker) van de website;<br \/>\nde content: alle in de website aanwezige inhoud;<\/p>\n<p>Het onderstaande is van toepassing op de pagina die u thans bekijkt. Door de pagina te gebruiken stemt u in met deze disclaimer. De content is door de eigenaar met de grootst mogelijke zorg samengesteld, doch, de eigenaar aanvaardt geen aansprakelijkheid ten aanzien van mogelijke onjuistheden van het getoonde.<\/p>\n<p>De eigenaar is niet verantwoordelijk voor content op de aan deze website gekoppelde bestanden en\/ of websites waarnaar wordt verwezen. Ongeautoriseerd of oneigenlijk gebruik van de content of delen daarvan maken inbreuk op intellectuele rechten. Toestemming tot het gebruik van de getoonde content of delen daarvan op publiekelijk toegankelijke plaatsen dient schriftelijk aan ons te worden verzocht.[\/vc_column_text][\/vc_column][vc_column width=&#8221;1\/3&#8243;][vc_column_text]<strong>Nadere informatie<\/strong><br \/>\nIndien u nog vragen of twijfels heeft kunt u contact met ons opnemen of bezoek de website van <a href=\"http:\/\/www.internetrechten.nl\/\">Nunc Ius<\/a> die voor ons deze disclaimer heeft opgesteld.<\/p>\n<p>Wij behouden ons alle rechten voor.<\/p>\n<p>T +32 (0)475-627720<br \/>\nE-mail: <a href=\"http:\/\/www.gripcontrol.be\/contact\/#\">info@gripcontrol.be<\/a>[\/vc_column_text][\/vc_column][\/vc_row]<\/p>\n<\/div>","protected":false},"excerpt":{"rendered":"<p>[vc_row][vc_column width=&#8221;2\/3&#8243;][vc_column_text] Disclaimer In deze disclaimer wordt verstaan onder: de eigenaar: Gripcontrol gebruik(en): alle denkbare handelingen; u: de gebruiker (bezoeker) van de website; de content: alle in de website aanwezige inhoud; Het onderstaande is van toepassing op de pagina die u thans bekijkt. Door de pagina te gebruiken stemt u&#8230;<\/p>\n","protected":false},"author":1,"featured_media":0,"parent":0,"menu_order":0,"comment_status":"closed","ping_status":"closed","template":"","meta":{"footnotes":""},"class_list":["post-1341","page","type-page","status-publish","hentry"],"yoast_head":"<!-- This site is optimized with the Yoast SEO plugin v27.3 - https:\/\/yoast.com\/product\/yoast-seo-wordpress\/ -->\n<title>Disclaimer - Gripcontrol<\/title>\n<meta name=\"robots\" content=\"index, follow, max-snippet:-1, max-image-preview:large, max-video-preview:-1\" \/>\n<link rel=\"canonical\" href=\"https:\/\/www.gripcontrol.be\/fr\/disclaimer\/\" \/>\n<meta property=\"og:locale\" content=\"nl_NL\" \/>\n<meta property=\"og:type\" content=\"article\" \/>\n<meta property=\"og:title\" content=\"Disclaimer - Gripcontrol\" \/>\n<meta property=\"og:description\" content=\"[vc_row][vc_column width=&#8221;2\/3&#8243;][vc_column_text] Disclaimer In deze disclaimer wordt verstaan onder: de eigenaar: Gripcontrol gebruik(en): alle denkbare handelingen; u: de gebruiker (bezoeker) van de website; de content: alle in de website aanwezige inhoud; Het onderstaande is van toepassing op de pagina die u thans bekijkt. Door de pagina te gebruiken stemt u...\" \/>\n<meta property=\"og:url\" content=\"https:\/\/www.gripcontrol.be\/fr\/disclaimer\/\" \/>\n<meta property=\"og:site_name\" content=\"Gripcontrol\" \/>\n<meta property=\"article:modified_time\" content=\"2024-02-11T12:16:59+00:00\" \/>\n<meta name=\"twitter:card\" content=\"summary_large_image\" \/>\n<meta name=\"twitter:label1\" content=\"Geschatte leestijd\" \/>\n\t<meta name=\"twitter:data1\" content=\"1 minuut\" \/>\n<script type=\"application\/ld+json\" class=\"yoast-schema-graph\">{\"@context\":\"https:\\\/\\\/schema.org\",\"@graph\":[{\"@type\":\"WebPage\",\"@id\":\"https:\\\/\\\/www.gripcontrol.be\\\/fr\\\/disclaimer\\\/\",\"url\":\"https:\\\/\\\/www.gripcontrol.be\\\/fr\\\/disclaimer\\\/\",\"name\":\"Disclaimer - Gripcontrol\",\"isPartOf\":{\"@id\":\"https:\\\/\\\/www.gripcontrol.be\\\/fr\\\/#website\"},\"datePublished\":\"2020-02-02T10:52:07+00:00\",\"dateModified\":\"2024-02-11T12:16:59+00:00\",\"breadcrumb\":{\"@id\":\"https:\\\/\\\/www.gripcontrol.be\\\/fr\\\/disclaimer\\\/#breadcrumb\"},\"inLanguage\":\"nl-NL\",\"potentialAction\":[{\"@type\":\"ReadAction\",\"target\":[\"https:\\\/\\\/www.gripcontrol.be\\\/fr\\\/disclaimer\\\/\"]}]},{\"@type\":\"BreadcrumbList\",\"@id\":\"https:\\\/\\\/www.gripcontrol.be\\\/fr\\\/disclaimer\\\/#breadcrumb\",\"itemListElement\":[{\"@type\":\"ListItem\",\"position\":1,\"name\":\"Home\",\"item\":\"https:\\\/\\\/www.gripcontrol.be\\\/fr\\\/\"},{\"@type\":\"ListItem\",\"position\":2,\"name\":\"Disclaimer\"}]},{\"@type\":\"WebSite\",\"@id\":\"https:\\\/\\\/www.gripcontrol.be\\\/fr\\\/#website\",\"url\":\"https:\\\/\\\/www.gripcontrol.be\\\/fr\\\/\",\"name\":\"Gripcontrol\",\"description\":\"Optimiser la s\u00e9curit\u00e9 des sols en proposant des solutions antid\u00e9rapantes s\u00fbres qui \u00e9vitent les accidents\",\"potentialAction\":[{\"@type\":\"SearchAction\",\"target\":{\"@type\":\"EntryPoint\",\"urlTemplate\":\"https:\\\/\\\/www.gripcontrol.be\\\/fr\\\/?s={search_term_string}\"},\"query-input\":{\"@type\":\"PropertyValueSpecification\",\"valueRequired\":true,\"valueName\":\"search_term_string\"}}],\"inLanguage\":\"nl-NL\"}]}<\/script>\n<!-- \/ Yoast SEO plugin. -->","yoast_head_json":{"title":"Disclaimer - Gripcontrol","robots":{"index":"index","follow":"follow","max-snippet":"max-snippet:-1","max-image-preview":"max-image-preview:large","max-video-preview":"max-video-preview:-1"},"canonical":"https:\/\/www.gripcontrol.be\/fr\/disclaimer\/","og_locale":"nl_NL","og_type":"article","og_title":"Disclaimer - Gripcontrol","og_description":"[vc_row][vc_column width=&#8221;2\/3&#8243;][vc_column_text] Disclaimer In deze disclaimer wordt verstaan onder: de eigenaar: Gripcontrol gebruik(en): alle denkbare handelingen; u: de gebruiker (bezoeker) van de website; de content: alle in de website aanwezige inhoud; Het onderstaande is van toepassing op de pagina die u thans bekijkt. Door de pagina te gebruiken stemt u...","og_url":"https:\/\/www.gripcontrol.be\/fr\/disclaimer\/","og_site_name":"Gripcontrol","article_modified_time":"2024-02-11T12:16:59+00:00","twitter_card":"summary_large_image","twitter_misc":{"Geschatte leestijd":"1 minuut"},"schema":{"@context":"https:\/\/schema.org","@graph":[{"@type":"WebPage","@id":"https:\/\/www.gripcontrol.be\/fr\/disclaimer\/","url":"https:\/\/www.gripcontrol.be\/fr\/disclaimer\/","name":"Disclaimer - Gripcontrol","isPartOf":{"@id":"https:\/\/www.gripcontrol.be\/fr\/#website"},"datePublished":"2020-02-02T10:52:07+00:00","dateModified":"2024-02-11T12:16:59+00:00","breadcrumb":{"@id":"https:\/\/www.gripcontrol.be\/fr\/disclaimer\/#breadcrumb"},"inLanguage":"nl-NL","potentialAction":[{"@type":"ReadAction","target":["https:\/\/www.gripcontrol.be\/fr\/disclaimer\/"]}]},{"@type":"BreadcrumbList","@id":"https:\/\/www.gripcontrol.be\/fr\/disclaimer\/#breadcrumb","itemListElement":[{"@type":"ListItem","position":1,"name":"Home","item":"https:\/\/www.gripcontrol.be\/fr\/"},{"@type":"ListItem","position":2,"name":"Disclaimer"}]},{"@type":"WebSite","@id":"https:\/\/www.gripcontrol.be\/fr\/#website","url":"https:\/\/www.gripcontrol.be\/fr\/","name":"Gripcontrol","description":"Optimiser la s\u00e9curit\u00e9 des sols en proposant des solutions antid\u00e9rapantes s\u00fbres qui \u00e9vitent les accidents","potentialAction":[{"@type":"SearchAction","target":{"@type":"EntryPoint","urlTemplate":"https:\/\/www.gripcontrol.be\/fr\/?s={search_term_string}"},"query-input":{"@type":"PropertyValueSpecification","valueRequired":true,"valueName":"search_term_string"}}],"inLanguage":"nl-NL"}]}},"_links":{"self":[{"href":"https:\/\/www.gripcontrol.be\/fr\/wp-json\/wp\/v2\/pages\/1341","targetHints":{"allow":["GET"]}}],"collection":[{"href":"https:\/\/www.gripcontrol.be\/fr\/wp-json\/wp\/v2\/pages"}],"about":[{"href":"https:\/\/www.gripcontrol.be\/fr\/wp-json\/wp\/v2\/types\/page"}],"author":[{"embeddable":true,"href":"https:\/\/www.gripcontrol.be\/fr\/wp-json\/wp\/v2\/users\/1"}],"replies":[{"embeddable":true,"href":"https:\/\/www.gripcontrol.be\/fr\/wp-json\/wp\/v2\/comments?post=1341"}],"version-history":[{"count":9,"href":"https:\/\/www.gripcontrol.be\/fr\/wp-json\/wp\/v2\/pages\/1341\/revisions"}],"predecessor-version":[{"id":1713,"href":"https:\/\/www.gripcontrol.be\/fr\/wp-json\/wp\/v2\/pages\/1341\/revisions\/1713"}],"wp:attachment":[{"href":"https:\/\/www.gripcontrol.be\/fr\/wp-json\/wp\/v2\/media?parent=1341"}],"curies":[{"name":"wp","href":"https:\/\/api.w.org\/{rel}","templated":true}]}}