{"id":1267,"date":"2019-12-29T13:49:54","date_gmt":"2019-12-29T13:49:54","guid":{"rendered":"https:\/\/www.gripcontrol.be\/fr\/?page_id=1267"},"modified":"2020-12-21T17:24:32","modified_gmt":"2020-12-21T17:24:32","slug":"gripcontrol-portfolio","status":"publish","type":"page","link":"https:\/\/www.gripcontrol.be\/fr\/gripcontrol-portfolio\/","title":{"rendered":"Gripcontrol References"},"content":{"rendered":"<div class=\"wpb-content-wrapper\"><p>[vc_row full_width=&#8221;stretch_row&#8221; css=&#8221;.vc_custom_1578841348872{background-color: #e8e8e8 !important;}&#8221;][vc_column][vc_column_text]<\/p>\n<h2>Aviation \u2013 Polyb\u00e9ton lisse<\/h2>\n<p>[\/vc_column_text][\/vc_column][\/vc_row][vc_row][vc_column width=&#8221;2\/3&#8243;][vc_column_text]<img loading=\"lazy\" decoding=\"async\" class=\"alignnone wp-image-1226 size-full\" src=\"https:\/\/www.gripcontrol.be\/fr\/wp-content\/uploads\/1067-aviation-gladde-polybeton1-768x576-1.jpg\" alt=\"Gripcontrol Aviation\" width=\"1067\" height=\"800\" \/>[\/vc_column_text][\/vc_column][vc_column width=&#8221;1\/3&#8243;][vc_gallery interval=&#8221;5&#8243; images=&#8221;1230,1229,1228,1227&#8243; img_size=&#8221;800&#215;1067&#8243;][\/vc_column][\/vc_row][vc_row full_width=&#8221;stretch_row&#8221; css=&#8221;.vc_custom_1578841348872{background-color: #e8e8e8 !important;}&#8221;][vc_column][vc_column_text]<\/p>\n<h2>B2B &#8211; Monte<\/h2>\n<p>[\/vc_column_text][\/vc_column][\/vc_row][vc_row][vc_column width=&#8221;2\/3&#8243;][vc_column_text]<img loading=\"lazy\" decoding=\"async\" class=\"alignnone wp-image-1272 size-full\" src=\"https:\/\/www.gripcontrol.be\/fr\/wp-content\/uploads\/800-B2B-inwerkingstijd.jpg\" alt=\"\" width=\"800\" height=\"1067\" srcset=\"https:\/\/www.gripcontrol.be\/fr\/wp-content\/uploads\/800-B2B-inwerkingstijd.jpg 800w, https:\/\/www.gripcontrol.be\/fr\/wp-content\/uploads\/800-B2B-inwerkingstijd-225x300.jpg 225w, https:\/\/www.gripcontrol.be\/fr\/wp-content\/uploads\/800-B2B-inwerkingstijd-768x1024.jpg 768w\" sizes=\"auto, (max-width: 800px) 100vw, 800px\" \/>[\/vc_column_text][\/vc_column][vc_column width=&#8221;1\/3&#8243;][vc_gallery interval=&#8221;5&#8243; images=&#8221;1276,1273,1270,1277&#8243; img_size=&#8221;800&#215;1067&#8243;][\/vc_column][\/vc_row][vc_row full_width=&#8221;stretch_row&#8221; css=&#8221;.vc_custom_1578841348872{background-color: #e8e8e8 !important;}&#8221;][vc_column][vc_column_text]<\/p>\n<h2>Distribution &#8211; sols int\u00e9rieurs<\/h2>\n<p>[\/vc_column_text][\/vc_column][\/vc_row][vc_row][vc_column width=&#8221;2\/3&#8243;][vc_column_text]<img loading=\"lazy\" decoding=\"async\" class=\"alignnone wp-image-1298 size-large\" src=\"https:\/\/www.gripcontrol.be\/fr\/wp-content\/uploads\/distributie-GripControl-Diepvries-Afdeling-3-1024x768.jpg\" alt=\"\" width=\"1024\" height=\"768\" srcset=\"https:\/\/www.gripcontrol.be\/fr\/wp-content\/uploads\/distributie-GripControl-Diepvries-Afdeling-3-1024x768.jpg 1024w, https:\/\/www.gripcontrol.be\/fr\/wp-content\/uploads\/distributie-GripControl-Diepvries-Afdeling-3-300x225.jpg 300w, https:\/\/www.gripcontrol.be\/fr\/wp-content\/uploads\/distributie-GripControl-Diepvries-Afdeling-3-768x576.jpg 768w, https:\/\/www.gripcontrol.be\/fr\/wp-content\/uploads\/distributie-GripControl-Diepvries-Afdeling-3.jpg 1200w\" sizes=\"auto, (max-width: 1024px) 100vw, 1024px\" \/>[\/vc_column_text][\/vc_column][vc_column width=&#8221;1\/3&#8243;][vc_gallery interval=&#8221;5&#8243; images=&#8221;1299,1297,1295,1296&#8243; img_size=&#8221;800&#215;1067&#8243;][\/vc_column][\/vc_row][vc_row full_width=&#8221;stretch_row&#8221; css=&#8221;.vc_custom_1578841348872{background-color: #e8e8e8 !important;}&#8221;][vc_column][vc_column_text]<\/p>\n<h2>Construction \u2013 Sols divers<\/h2>\n<p>[\/vc_column_text][\/vc_column][\/vc_row][vc_row][vc_column width=&#8221;2\/3&#8243;][vc_column_text]<img loading=\"lazy\" decoding=\"async\" class=\"alignnone wp-image-1311 size-full\" src=\"https:\/\/www.gripcontrol.be\/fr\/wp-content\/uploads\/bouw-Trap-gladde-beton.jpg\" alt=\"\" width=\"900\" height=\"1200\" srcset=\"https:\/\/www.gripcontrol.be\/fr\/wp-content\/uploads\/bouw-Trap-gladde-beton.jpg 900w, https:\/\/www.gripcontrol.be\/fr\/wp-content\/uploads\/bouw-Trap-gladde-beton-225x300.jpg 225w, https:\/\/www.gripcontrol.be\/fr\/wp-content\/uploads\/bouw-Trap-gladde-beton-768x1024.jpg 768w\" sizes=\"auto, (max-width: 900px) 100vw, 900px\" \/>[\/vc_column_text][\/vc_column][vc_column width=&#8221;1\/3&#8243;][vc_gallery interval=&#8221;5&#8243; images=&#8221;1315,1312,1314&#8243; img_size=&#8221;800&#215;1067&#8243;][\/vc_column][\/vc_row][vc_row full_width=&#8221;stretch_row&#8221; css=&#8221;.vc_custom_1578841348872{background-color: #e8e8e8 !important;}&#8221;][vc_column][vc_column_text]<\/p>\n<h2>Parking sous-terrain<\/h2>\n<p>[\/vc_column_text][\/vc_column][\/vc_row][vc_row][vc_column width=&#8221;2\/3&#8243;][vc_column_text]<img loading=\"lazy\" decoding=\"async\" class=\"alignnone wp-image-1318 size-large\" src=\"https:\/\/www.gripcontrol.be\/fr\/wp-content\/uploads\/parking-Ondergrondse-Parking-e1578842096775-768x1024.jpg\" alt=\"\" width=\"768\" height=\"1024\" srcset=\"https:\/\/www.gripcontrol.be\/fr\/wp-content\/uploads\/parking-Ondergrondse-Parking-e1578842096775-768x1024.jpg 768w, https:\/\/www.gripcontrol.be\/fr\/wp-content\/uploads\/parking-Ondergrondse-Parking-e1578842096775-225x300.jpg 225w, https:\/\/www.gripcontrol.be\/fr\/wp-content\/uploads\/parking-Ondergrondse-Parking-e1578842096775.jpg 900w\" sizes=\"auto, (max-width: 768px) 100vw, 768px\" \/>[\/vc_column_text][\/vc_column][vc_column width=&#8221;1\/3&#8243;][vc_gallery interval=&#8221;5&#8243; images=&#8221;1318,1319&#8243; img_size=&#8221;800&#215;1067&#8243;][\/vc_column][\/vc_row][vc_row full_width=&#8221;stretch_row&#8221; css=&#8221;.vc_custom_1578841348872{background-color: #e8e8e8 !important;}&#8221;][vc_column][vc_column_text]<\/p>\n<h2>Logistique Antiglisse<\/h2>\n<p>[\/vc_column_text][\/vc_column][\/vc_row][vc_row][vc_column width=&#8221;2\/3&#8243;][vc_column_text]<img loading=\"lazy\" decoding=\"async\" class=\"alignnone wp-image-1412 size-large\" src=\"https:\/\/www.gripcontrol.be\/fr\/wp-content\/uploads\/logistiek-Extra-Grip-gladde-beton-e1580654622838-768x1024.jpeg\" alt=\"\" width=\"768\" height=\"1024\" srcset=\"https:\/\/www.gripcontrol.be\/fr\/wp-content\/uploads\/logistiek-Extra-Grip-gladde-beton-e1580654622838-768x1024.jpeg 768w, https:\/\/www.gripcontrol.be\/fr\/wp-content\/uploads\/logistiek-Extra-Grip-gladde-beton-e1580654622838-225x300.jpeg 225w, https:\/\/www.gripcontrol.be\/fr\/wp-content\/uploads\/logistiek-Extra-Grip-gladde-beton-e1580654622838.jpeg 900w\" sizes=\"auto, (max-width: 768px) 100vw, 768px\" \/>[\/vc_column_text][\/vc_column][vc_column width=&#8221;1\/3&#8243;][vc_gallery interval=&#8221;5&#8243; images=&#8221;1413,1411,1412&#8243; img_size=&#8221;800&#215;1067&#8243;][\/vc_column][\/vc_row][vc_row full_width=&#8221;stretch_row&#8221; css=&#8221;.vc_custom_1578841348872{background-color: #e8e8e8 !important;}&#8221;][vc_column][vc_column_text]<\/p>\n<h2>Institution publics &#8211; Antiglisse<\/h2>\n<p>[\/vc_column_text][\/vc_column][\/vc_row][vc_row][vc_column width=&#8221;2\/3&#8243;][vc_column_text]<img loading=\"lazy\" decoding=\"async\" class=\"alignnone wp-image-1419\" src=\"https:\/\/www.gripcontrol.be\/fr\/wp-content\/uploads\/publieke-instellingen-GripControl-Antislip-300x225.jpg\" alt=\"\" width=\"768\" height=\"576\" srcset=\"https:\/\/www.gripcontrol.be\/fr\/wp-content\/uploads\/publieke-instellingen-GripControl-Antislip-300x225.jpg 300w, https:\/\/www.gripcontrol.be\/fr\/wp-content\/uploads\/publieke-instellingen-GripControl-Antislip-1024x768.jpg 1024w, https:\/\/www.gripcontrol.be\/fr\/wp-content\/uploads\/publieke-instellingen-GripControl-Antislip-768x576.jpg 768w, https:\/\/www.gripcontrol.be\/fr\/wp-content\/uploads\/publieke-instellingen-GripControl-Antislip.jpg 1200w\" sizes=\"auto, (max-width: 768px) 100vw, 768px\" \/>[\/vc_column_text][\/vc_column][vc_column width=&#8221;1\/3&#8243;][vc_gallery interval=&#8221;5&#8243; images=&#8221;1428,1427,1426,1425,1424,1423,1422,1421,1419&#8243; img_size=&#8221;800&#215;1067&#8243;][\/vc_column][\/vc_row][vc_row full_width=&#8221;stretch_row&#8221; css=&#8221;.vc_custom_1578841348872{background-color: #e8e8e8 !important;}&#8221;][vc_column][vc_column_text]<\/p>\n<h2>Retail &#8211; Antiglisse<\/h2>\n<p>[\/vc_column_text][\/vc_column][\/vc_row][vc_row][vc_column width=&#8221;2\/3&#8243;][vc_column_text]<img loading=\"lazy\" decoding=\"async\" class=\"alignnone wp-image-1430 size-large\" src=\"https:\/\/www.gripcontrol.be\/fr\/wp-content\/uploads\/retail-1.-Situatie-voor-de-behandeling-GripControl-Transparante-Antislip-1-e1580656131290-768x1024.jpg\" alt=\"\" width=\"768\" height=\"1024\" srcset=\"https:\/\/www.gripcontrol.be\/fr\/wp-content\/uploads\/retail-1.-Situatie-voor-de-behandeling-GripControl-Transparante-Antislip-1-e1580656131290-768x1024.jpg 768w, https:\/\/www.gripcontrol.be\/fr\/wp-content\/uploads\/retail-1.-Situatie-voor-de-behandeling-GripControl-Transparante-Antislip-1-e1580656131290-225x300.jpg 225w, https:\/\/www.gripcontrol.be\/fr\/wp-content\/uploads\/retail-1.-Situatie-voor-de-behandeling-GripControl-Transparante-Antislip-1-e1580656131290.jpg 900w\" sizes=\"auto, (max-width: 768px) 100vw, 768px\" \/>[\/vc_column_text][\/vc_column][vc_column width=&#8221;1\/3&#8243;][vc_gallery interval=&#8221;10&#8243; images=&#8221;1431,1432,1434&#8243; img_size=&#8221;800&#215;1067&#8243;][\/vc_column][\/vc_row][vc_row full_width=&#8221;stretch_row&#8221; css=&#8221;.vc_custom_1578841348872{background-color: #e8e8e8 !important;}&#8221;][vc_column][vc_column_text]<\/p>\n<h2>Piscines Antiglisse<\/h2>\n<p>[\/vc_column_text][\/vc_column][\/vc_row][vc_row][vc_column width=&#8221;2\/3&#8243;][vc_column_text]<img loading=\"lazy\" decoding=\"async\" class=\"alignnone wp-image-1490 size-large\" src=\"https:\/\/www.gripcontrol.be\/fr\/wp-content\/uploads\/Zwembadrand-Na-behandeling-e1583066317452-768x1024.jpeg\" alt=\"\" width=\"768\" height=\"1024\" srcset=\"https:\/\/www.gripcontrol.be\/fr\/wp-content\/uploads\/Zwembadrand-Na-behandeling-e1583066317452-768x1024.jpeg 768w, https:\/\/www.gripcontrol.be\/fr\/wp-content\/uploads\/Zwembadrand-Na-behandeling-e1583066317452-225x300.jpeg 225w, https:\/\/www.gripcontrol.be\/fr\/wp-content\/uploads\/Zwembadrand-Na-behandeling-e1583066317452.jpeg 900w\" sizes=\"auto, (max-width: 768px) 100vw, 768px\" \/>[\/vc_column_text][\/vc_column][vc_column width=&#8221;1\/3&#8243;][vc_gallery interval=&#8221;3&#8243; images=&#8221;1491,1490&#8243; img_size=&#8221;800&#215;1067&#8243;][\/vc_column][\/vc_row][vc_row full_width=&#8221;stretch_row&#8221; css=&#8221;.vc_custom_1578841348872{background-color: #e8e8e8 !important;}&#8221;][vc_column][vc_column_text]<\/p>\n<h2>Particulier Antiglisse<\/h2>\n<p>[\/vc_column_text][\/vc_column][\/vc_row][vc_row][vc_column width=&#8221;2\/3&#8243;][vc_column_text]<img loading=\"lazy\" decoding=\"async\" class=\"alignnone wp-image-1494 size-large\" src=\"https:\/\/www.gripcontrol.be\/fr\/wp-content\/uploads\/particulieren-Na-de-behandeling-Keramische-tegels-768x1024.jpg\" alt=\"\" width=\"768\" height=\"1024\" srcset=\"https:\/\/www.gripcontrol.be\/fr\/wp-content\/uploads\/particulieren-Na-de-behandeling-Keramische-tegels-768x1024.jpg 768w, https:\/\/www.gripcontrol.be\/fr\/wp-content\/uploads\/particulieren-Na-de-behandeling-Keramische-tegels-225x300.jpg 225w, https:\/\/www.gripcontrol.be\/fr\/wp-content\/uploads\/particulieren-Na-de-behandeling-Keramische-tegels.jpg 900w\" sizes=\"auto, (max-width: 768px) 100vw, 768px\" \/>[\/vc_column_text][\/vc_column][vc_column width=&#8221;1\/3&#8243;][vc_gallery interval=&#8221;10&#8243; images=&#8221;1501,1495,1497,1496,1499,1494&#8243; img_size=&#8221;800&#215;1067&#8243;][\/vc_column][\/vc_row]<\/p>\n<\/div>","protected":false},"excerpt":{"rendered":"<p>[vc_row full_width=&#8221;stretch_row&#8221; css=&#8221;.vc_custom_1578841348872{background-color: #e8e8e8 !important;}&#8221;][vc_column][vc_column_text] Aviation \u2013 Polyb\u00e9ton lisse [\/vc_column_text][\/vc_column][\/vc_row][vc_row][vc_column width=&#8221;2\/3&#8243;][vc_column_text][\/vc_column_text][\/vc_column][vc_column width=&#8221;1\/3&#8243;][vc_gallery interval=&#8221;5&#8243; images=&#8221;1230,1229,1228,1227&#8243; img_size=&#8221;800&#215;1067&#8243;][\/vc_column][\/vc_row][vc_row full_width=&#8221;stretch_row&#8221; css=&#8221;.vc_custom_1578841348872{background-color: #e8e8e8 !important;}&#8221;][vc_column][vc_column_text] B2B &#8211; Monte [\/vc_column_text][\/vc_column][\/vc_row][vc_row][vc_column width=&#8221;2\/3&#8243;][vc_column_text][\/vc_column_text][\/vc_column][vc_column width=&#8221;1\/3&#8243;][vc_gallery interval=&#8221;5&#8243; images=&#8221;1276,1273,1270,1277&#8243; img_size=&#8221;800&#215;1067&#8243;][\/vc_column][\/vc_row][vc_row full_width=&#8221;stretch_row&#8221; css=&#8221;.vc_custom_1578841348872{background-color: #e8e8e8 !important;}&#8221;][vc_column][vc_column_text] Distribution &#8211; sols int\u00e9rieurs [\/vc_column_text][\/vc_column][\/vc_row][vc_row][vc_column width=&#8221;2\/3&#8243;][vc_column_text][\/vc_column_text][\/vc_column][vc_column width=&#8221;1\/3&#8243;][vc_gallery interval=&#8221;5&#8243; images=&#8221;1299,1297,1295,1296&#8243; img_size=&#8221;800&#215;1067&#8243;][\/vc_column][\/vc_row][vc_row full_width=&#8221;stretch_row&#8221; css=&#8221;.vc_custom_1578841348872{background-color: #e8e8e8 !important;}&#8221;][vc_column][vc_column_text] Construction \u2013 Sols divers&#8230;<\/p>\n","protected":false},"author":1,"featured_media":0,"parent":0,"menu_order":0,"comment_status":"closed","ping_status":"closed","template":"","meta":{"footnotes":""},"class_list":["post-1267","page","type-page","status-publish","hentry"],"yoast_head":"<!-- This site is optimized with the Yoast SEO plugin v27.3 - https:\/\/yoast.com\/product\/yoast-seo-wordpress\/ -->\n<title>Gripcontrol References - Gripcontrol<\/title>\n<meta name=\"robots\" content=\"index, follow, max-snippet:-1, max-image-preview:large, max-video-preview:-1\" \/>\n<link rel=\"canonical\" href=\"https:\/\/www.gripcontrol.be\/fr\/gripcontrol-portfolio\/\" \/>\n<meta property=\"og:locale\" content=\"nl_NL\" \/>\n<meta property=\"og:type\" content=\"article\" \/>\n<meta property=\"og:title\" content=\"Gripcontrol References - Gripcontrol\" \/>\n<meta property=\"og:description\" content=\"[vc_row full_width=&#8221;stretch_row&#8221; css=&#8221;.vc_custom_1578841348872{background-color: #e8e8e8 !important;}&#8221;][vc_column][vc_column_text] Aviation \u2013 Polyb\u00e9ton lisse [\/vc_column_text][\/vc_column][\/vc_row][vc_row][vc_column width=&#8221;2\/3&#8243;][vc_column_text][\/vc_column_text][\/vc_column][vc_column width=&#8221;1\/3&#8243;][vc_gallery interval=&#8221;5&#8243; images=&#8221;1230,1229,1228,1227&#8243; img_size=&#8221;800&#215;1067&#8243;][\/vc_column][\/vc_row][vc_row full_width=&#8221;stretch_row&#8221; css=&#8221;.vc_custom_1578841348872{background-color: #e8e8e8 !important;}&#8221;][vc_column][vc_column_text] B2B &#8211; Monte [\/vc_column_text][\/vc_column][\/vc_row][vc_row][vc_column width=&#8221;2\/3&#8243;][vc_column_text][\/vc_column_text][\/vc_column][vc_column width=&#8221;1\/3&#8243;][vc_gallery interval=&#8221;5&#8243; images=&#8221;1276,1273,1270,1277&#8243; img_size=&#8221;800&#215;1067&#8243;][\/vc_column][\/vc_row][vc_row full_width=&#8221;stretch_row&#8221; css=&#8221;.vc_custom_1578841348872{background-color: #e8e8e8 !important;}&#8221;][vc_column][vc_column_text] Distribution &#8211; sols int\u00e9rieurs [\/vc_column_text][\/vc_column][\/vc_row][vc_row][vc_column width=&#8221;2\/3&#8243;][vc_column_text][\/vc_column_text][\/vc_column][vc_column width=&#8221;1\/3&#8243;][vc_gallery interval=&#8221;5&#8243; images=&#8221;1299,1297,1295,1296&#8243; img_size=&#8221;800&#215;1067&#8243;][\/vc_column][\/vc_row][vc_row full_width=&#8221;stretch_row&#8221; css=&#8221;.vc_custom_1578841348872{background-color: #e8e8e8 !important;}&#8221;][vc_column][vc_column_text] Construction \u2013 Sols divers...\" \/>\n<meta property=\"og:url\" content=\"https:\/\/www.gripcontrol.be\/fr\/gripcontrol-portfolio\/\" \/>\n<meta property=\"og:site_name\" content=\"Gripcontrol\" \/>\n<meta property=\"article:modified_time\" content=\"2020-12-21T17:24:32+00:00\" \/>\n<meta property=\"og:image\" content=\"https:\/\/www.gripcontrol.be\/fr\/wp-content\/uploads\/1067-aviation-gladde-polybeton1-768x576-1.jpg\" \/>\n<meta name=\"twitter:card\" content=\"summary_large_image\" \/>\n<meta name=\"twitter:label1\" content=\"Geschatte leestijd\" \/>\n\t<meta name=\"twitter:data1\" content=\"3 minuten\" \/>\n<script type=\"application\/ld+json\" class=\"yoast-schema-graph\">{\"@context\":\"https:\\\/\\\/schema.org\",\"@graph\":[{\"@type\":\"WebPage\",\"@id\":\"https:\\\/\\\/www.gripcontrol.be\\\/fr\\\/gripcontrol-portfolio\\\/\",\"url\":\"https:\\\/\\\/www.gripcontrol.be\\\/fr\\\/gripcontrol-portfolio\\\/\",\"name\":\"Gripcontrol References - Gripcontrol\",\"isPartOf\":{\"@id\":\"https:\\\/\\\/www.gripcontrol.be\\\/fr\\\/#website\"},\"primaryImageOfPage\":{\"@id\":\"https:\\\/\\\/www.gripcontrol.be\\\/fr\\\/gripcontrol-portfolio\\\/#primaryimage\"},\"image\":{\"@id\":\"https:\\\/\\\/www.gripcontrol.be\\\/fr\\\/gripcontrol-portfolio\\\/#primaryimage\"},\"thumbnailUrl\":\"https:\\\/\\\/www.gripcontrol.be\\\/fr\\\/wp-content\\\/uploads\\\/1067-aviation-gladde-polybeton1-768x576-1.jpg\",\"datePublished\":\"2019-12-29T13:49:54+00:00\",\"dateModified\":\"2020-12-21T17:24:32+00:00\",\"breadcrumb\":{\"@id\":\"https:\\\/\\\/www.gripcontrol.be\\\/fr\\\/gripcontrol-portfolio\\\/#breadcrumb\"},\"inLanguage\":\"nl-NL\",\"potentialAction\":[{\"@type\":\"ReadAction\",\"target\":[\"https:\\\/\\\/www.gripcontrol.be\\\/fr\\\/gripcontrol-portfolio\\\/\"]}]},{\"@type\":\"ImageObject\",\"inLanguage\":\"nl-NL\",\"@id\":\"https:\\\/\\\/www.gripcontrol.be\\\/fr\\\/gripcontrol-portfolio\\\/#primaryimage\",\"url\":\"https:\\\/\\\/www.gripcontrol.be\\\/fr\\\/wp-content\\\/uploads\\\/1067-aviation-gladde-polybeton1-768x576-1.jpg\",\"contentUrl\":\"https:\\\/\\\/www.gripcontrol.be\\\/fr\\\/wp-content\\\/uploads\\\/1067-aviation-gladde-polybeton1-768x576-1.jpg\",\"width\":768,\"height\":576},{\"@type\":\"BreadcrumbList\",\"@id\":\"https:\\\/\\\/www.gripcontrol.be\\\/fr\\\/gripcontrol-portfolio\\\/#breadcrumb\",\"itemListElement\":[{\"@type\":\"ListItem\",\"position\":1,\"name\":\"Home\",\"item\":\"https:\\\/\\\/www.gripcontrol.be\\\/fr\\\/\"},{\"@type\":\"ListItem\",\"position\":2,\"name\":\"Gripcontrol References\"}]},{\"@type\":\"WebSite\",\"@id\":\"https:\\\/\\\/www.gripcontrol.be\\\/fr\\\/#website\",\"url\":\"https:\\\/\\\/www.gripcontrol.be\\\/fr\\\/\",\"name\":\"Gripcontrol\",\"description\":\"Optimiser la s\u00e9curit\u00e9 des sols en proposant des solutions antid\u00e9rapantes s\u00fbres qui \u00e9vitent les accidents\",\"potentialAction\":[{\"@type\":\"SearchAction\",\"target\":{\"@type\":\"EntryPoint\",\"urlTemplate\":\"https:\\\/\\\/www.gripcontrol.be\\\/fr\\\/?s={search_term_string}\"},\"query-input\":{\"@type\":\"PropertyValueSpecification\",\"valueRequired\":true,\"valueName\":\"search_term_string\"}}],\"inLanguage\":\"nl-NL\"}]}<\/script>\n<!-- \/ Yoast SEO plugin. -->","yoast_head_json":{"title":"Gripcontrol References - Gripcontrol","robots":{"index":"index","follow":"follow","max-snippet":"max-snippet:-1","max-image-preview":"max-image-preview:large","max-video-preview":"max-video-preview:-1"},"canonical":"https:\/\/www.gripcontrol.be\/fr\/gripcontrol-portfolio\/","og_locale":"nl_NL","og_type":"article","og_title":"Gripcontrol References - Gripcontrol","og_description":"[vc_row full_width=&#8221;stretch_row&#8221; css=&#8221;.vc_custom_1578841348872{background-color: #e8e8e8 !important;}&#8221;][vc_column][vc_column_text] Aviation \u2013 Polyb\u00e9ton lisse [\/vc_column_text][\/vc_column][\/vc_row][vc_row][vc_column width=&#8221;2\/3&#8243;][vc_column_text][\/vc_column_text][\/vc_column][vc_column width=&#8221;1\/3&#8243;][vc_gallery interval=&#8221;5&#8243; images=&#8221;1230,1229,1228,1227&#8243; img_size=&#8221;800&#215;1067&#8243;][\/vc_column][\/vc_row][vc_row full_width=&#8221;stretch_row&#8221; css=&#8221;.vc_custom_1578841348872{background-color: #e8e8e8 !important;}&#8221;][vc_column][vc_column_text] B2B &#8211; Monte [\/vc_column_text][\/vc_column][\/vc_row][vc_row][vc_column width=&#8221;2\/3&#8243;][vc_column_text][\/vc_column_text][\/vc_column][vc_column width=&#8221;1\/3&#8243;][vc_gallery interval=&#8221;5&#8243; images=&#8221;1276,1273,1270,1277&#8243; img_size=&#8221;800&#215;1067&#8243;][\/vc_column][\/vc_row][vc_row full_width=&#8221;stretch_row&#8221; css=&#8221;.vc_custom_1578841348872{background-color: #e8e8e8 !important;}&#8221;][vc_column][vc_column_text] Distribution &#8211; sols int\u00e9rieurs [\/vc_column_text][\/vc_column][\/vc_row][vc_row][vc_column width=&#8221;2\/3&#8243;][vc_column_text][\/vc_column_text][\/vc_column][vc_column width=&#8221;1\/3&#8243;][vc_gallery interval=&#8221;5&#8243; images=&#8221;1299,1297,1295,1296&#8243; img_size=&#8221;800&#215;1067&#8243;][\/vc_column][\/vc_row][vc_row full_width=&#8221;stretch_row&#8221; css=&#8221;.vc_custom_1578841348872{background-color: #e8e8e8 !important;}&#8221;][vc_column][vc_column_text] Construction \u2013 Sols divers...","og_url":"https:\/\/www.gripcontrol.be\/fr\/gripcontrol-portfolio\/","og_site_name":"Gripcontrol","article_modified_time":"2020-12-21T17:24:32+00:00","og_image":[{"url":"https:\/\/www.gripcontrol.be\/fr\/wp-content\/uploads\/1067-aviation-gladde-polybeton1-768x576-1.jpg","type":"","width":"","height":""}],"twitter_card":"summary_large_image","twitter_misc":{"Geschatte leestijd":"3 minuten"},"schema":{"@context":"https:\/\/schema.org","@graph":[{"@type":"WebPage","@id":"https:\/\/www.gripcontrol.be\/fr\/gripcontrol-portfolio\/","url":"https:\/\/www.gripcontrol.be\/fr\/gripcontrol-portfolio\/","name":"Gripcontrol References - Gripcontrol","isPartOf":{"@id":"https:\/\/www.gripcontrol.be\/fr\/#website"},"primaryImageOfPage":{"@id":"https:\/\/www.gripcontrol.be\/fr\/gripcontrol-portfolio\/#primaryimage"},"image":{"@id":"https:\/\/www.gripcontrol.be\/fr\/gripcontrol-portfolio\/#primaryimage"},"thumbnailUrl":"https:\/\/www.gripcontrol.be\/fr\/wp-content\/uploads\/1067-aviation-gladde-polybeton1-768x576-1.jpg","datePublished":"2019-12-29T13:49:54+00:00","dateModified":"2020-12-21T17:24:32+00:00","breadcrumb":{"@id":"https:\/\/www.gripcontrol.be\/fr\/gripcontrol-portfolio\/#breadcrumb"},"inLanguage":"nl-NL","potentialAction":[{"@type":"ReadAction","target":["https:\/\/www.gripcontrol.be\/fr\/gripcontrol-portfolio\/"]}]},{"@type":"ImageObject","inLanguage":"nl-NL","@id":"https:\/\/www.gripcontrol.be\/fr\/gripcontrol-portfolio\/#primaryimage","url":"https:\/\/www.gripcontrol.be\/fr\/wp-content\/uploads\/1067-aviation-gladde-polybeton1-768x576-1.jpg","contentUrl":"https:\/\/www.gripcontrol.be\/fr\/wp-content\/uploads\/1067-aviation-gladde-polybeton1-768x576-1.jpg","width":768,"height":576},{"@type":"BreadcrumbList","@id":"https:\/\/www.gripcontrol.be\/fr\/gripcontrol-portfolio\/#breadcrumb","itemListElement":[{"@type":"ListItem","position":1,"name":"Home","item":"https:\/\/www.gripcontrol.be\/fr\/"},{"@type":"ListItem","position":2,"name":"Gripcontrol References"}]},{"@type":"WebSite","@id":"https:\/\/www.gripcontrol.be\/fr\/#website","url":"https:\/\/www.gripcontrol.be\/fr\/","name":"Gripcontrol","description":"Optimiser la s\u00e9curit\u00e9 des sols en proposant des solutions antid\u00e9rapantes s\u00fbres qui \u00e9vitent les accidents","potentialAction":[{"@type":"SearchAction","target":{"@type":"EntryPoint","urlTemplate":"https:\/\/www.gripcontrol.be\/fr\/?s={search_term_string}"},"query-input":{"@type":"PropertyValueSpecification","valueRequired":true,"valueName":"search_term_string"}}],"inLanguage":"nl-NL"}]}},"_links":{"self":[{"href":"https:\/\/www.gripcontrol.be\/fr\/wp-json\/wp\/v2\/pages\/1267","targetHints":{"allow":["GET"]}}],"collection":[{"href":"https:\/\/www.gripcontrol.be\/fr\/wp-json\/wp\/v2\/pages"}],"about":[{"href":"https:\/\/www.gripcontrol.be\/fr\/wp-json\/wp\/v2\/types\/page"}],"author":[{"embeddable":true,"href":"https:\/\/www.gripcontrol.be\/fr\/wp-json\/wp\/v2\/users\/1"}],"replies":[{"embeddable":true,"href":"https:\/\/www.gripcontrol.be\/fr\/wp-json\/wp\/v2\/comments?post=1267"}],"version-history":[{"count":41,"href":"https:\/\/www.gripcontrol.be\/fr\/wp-json\/wp\/v2\/pages\/1267\/revisions"}],"predecessor-version":[{"id":1701,"href":"https:\/\/www.gripcontrol.be\/fr\/wp-json\/wp\/v2\/pages\/1267\/revisions\/1701"}],"wp:attachment":[{"href":"https:\/\/www.gripcontrol.be\/fr\/wp-json\/wp\/v2\/media?parent=1267"}],"curies":[{"name":"wp","href":"https:\/\/api.w.org\/{rel}","templated":true}]}}