{"id":1144,"date":"2019-11-24T13:37:11","date_gmt":"2019-11-24T13:37:11","guid":{"rendered":"https:\/\/www.gripcontrol.be\/fr\/?page_id=1144"},"modified":"2020-12-20T09:35:46","modified_gmt":"2020-12-20T09:35:46","slug":"particuliers","status":"publish","type":"page","link":"https:\/\/www.gripcontrol.be\/fr\/particuliers\/","title":{"rendered":"Demande de collaboration sans engagement &#8211; Particuliers"},"content":{"rendered":"<div class=\"wpb-content-wrapper\"><p>[vc_row][vc_column][\/vc_column][\/vc_row][vc_row css=&#8221;.vc_custom_1467126818454{margin-top: -30px !important;margin-bottom: 40px !important;}&#8221;][vc_column][vc_column_text]<strong><span style=\"color: #ffffff;\">V<\/span><\/strong>[\/vc_column_text][vc_column_text]<\/p>\n<h2><strong>Demande de collaboration sans engagement &#8211; Particuliers<\/strong><\/h2>\n<h3>Pour \u00e9valuer correctement votre demande, nous vous demandons de remplir le formulaire ci-dessous<\/h3>\n<h3><strong>\u00a0<\/strong><\/h3>\n<p>[\/vc_column_text][vc_row_inner equal_height=&#8221;yes&#8221; css=&#8221;.vc_custom_1583154657320{padding-top: 10px !important;padding-right: 10px !important;padding-bottom: 10px !important;padding-left: 10px !important;background-color: #1e73be !important;border-radius: 10px !important;}&#8221;][vc_column_inner width=&#8221;1\/5&#8243;][vc_column_text]<\/p>\n<h3><span style=\"color: #ffffff;\"><img loading=\"lazy\" decoding=\"async\" class=\"alignnone wp-image-1326 size-medium\" src=\"https:\/\/www.gripcontrol.be\/fr\/wp-content\/uploads\/gevaarlijke-vloer-220x300.jpg\" alt=\"gevaarlijke vloer bord\" width=\"220\" height=\"300\" srcset=\"https:\/\/www.gripcontrol.be\/fr\/wp-content\/uploads\/gevaarlijke-vloer-220x300.jpg 220w, https:\/\/www.gripcontrol.be\/fr\/wp-content\/uploads\/gevaarlijke-vloer.jpg 300w\" sizes=\"auto, (max-width: 220px) 100vw, 220px\" \/><\/span><\/h3>\n<h3><span style=\"color: #ffffff;\">Pr\u00e9venir les accidents. Personnes V\u00e9hicules<br \/>\n<\/span><\/h3>\n<p><span style=\"color: #ffffff;\">&#8211; Int\u00e9rieur &#8211; ext\u00e9rieur<\/span><br \/>\n<span style=\"color: #ffffff;\">&#8211; Acc\u00e8s, entr\u00e9e<\/span><br \/>\n<span style=\"color: #ffffff;\">&#8211; Cuisine<\/span><br \/>\n<span style=\"color: #ffffff;\">&#8211; Espaces facilitaire<\/span><br \/>\n<span style=\"color: #ffffff;\">&#8211; Espaces Sanitaire<\/span><br \/>\n<span style=\"color: #ffffff;\">&#8211; All\u00e9e et garage<\/span><br \/>\n<span style=\"color: #ffffff;\">&#8211; Terrasse<\/span><br \/>\n<span style=\"color: #ffffff;\">&#8211; Piscine \/ Bien-\u00eatre \/ Spa<\/span><\/p>\n<p>&nbsp;<\/p>\n<p><img loading=\"lazy\" decoding=\"async\" class=\"alignnone size-medium wp-image-1595\" src=\"https:\/\/www.gripcontrol.be\/fr\/wp-content\/uploads\/transparante-antislip-200x300.jpg\" alt=\"Transparante Antislip voor keramische tegels\" width=\"200\" height=\"300\" srcset=\"https:\/\/www.gripcontrol.be\/fr\/wp-content\/uploads\/transparante-antislip-200x300.jpg 200w, https:\/\/www.gripcontrol.be\/fr\/wp-content\/uploads\/transparante-antislip.jpg 267w\" sizes=\"auto, (max-width: 200px) 100vw, 200px\" \/>[\/vc_column_text][\/vc_column_inner][vc_column_inner width=&#8221;2\/3&#8243;][vc_column_text css=&#8221;.vc_custom_1597931382065{padding-top: 10px !important;padding-right: 10px !important;padding-bottom: 10px !important;padding-left: 10px !important;background-color: #ffffff !important;border-radius: 25px !important;}&#8221;]\n<div class=\"wpcf7 no-js\" id=\"wpcf7-f1615-o1\" lang=\"nl-NL\" dir=\"ltr\" data-wpcf7-id=\"1615\">\n<div class=\"screen-reader-response\"><p role=\"status\" aria-live=\"polite\" aria-atomic=\"true\"><\/p> <ul><\/ul><\/div>\n<form action=\"\/fr\/wp-json\/wp\/v2\/pages\/1144#wpcf7-f1615-o1\" method=\"post\" class=\"wpcf7-form init\" aria-label=\"Contactformulier\" novalidate=\"novalidate\" data-status=\"init\">\n<fieldset class=\"hidden-fields-container\"><input type=\"hidden\" name=\"_wpcf7\" value=\"1615\" \/><input type=\"hidden\" name=\"_wpcf7_version\" value=\"6.1.5\" \/><input type=\"hidden\" name=\"_wpcf7_locale\" value=\"nl_NL\" \/><input type=\"hidden\" name=\"_wpcf7_unit_tag\" value=\"wpcf7-f1615-o1\" \/><input type=\"hidden\" name=\"_wpcf7_container_post\" value=\"0\" \/><input type=\"hidden\" name=\"_wpcf7_posted_data_hash\" value=\"\" \/><input type=\"hidden\" name=\"_wpcf7_recaptcha_response\" value=\"\" \/>\n<\/fieldset>\n<fieldset>\n\t<legend>Vos donn\u00e9es\n\t<\/legend>\n\t<ol>\n\t\t<li>\n\t\t\t<p>Nom *<span class=\"wpcf7-form-control-wrap\" data-name=\"nom\"><input size=\"40\" maxlength=\"400\" class=\"wpcf7-form-control wpcf7-text wpcf7-validates-as-required\" aria-required=\"true\" aria-invalid=\"false\" value=\"\" type=\"text\" name=\"nom\" \/><\/span>\n\t\t\t<\/p>\n\t\t<\/li>\n\t\t<li>\n\t\t\t<p>Adresse *<span class=\"wpcf7-form-control-wrap\" data-name=\"adresse\"><input size=\"40\" maxlength=\"400\" class=\"wpcf7-form-control wpcf7-text wpcf7-validates-as-required\" aria-required=\"true\" aria-invalid=\"false\" value=\"\" type=\"text\" name=\"adresse\" \/><\/span>\n\t\t\t<\/p>\n\t\t<\/li>\n\t\t<li>\n\t\t\t<p>Code postal \/ Ville * <span class=\"wpcf7-form-control-wrap\" data-name=\"ville\"><input size=\"40\" maxlength=\"400\" class=\"wpcf7-form-control wpcf7-text wpcf7-validates-as-required\" aria-required=\"true\" aria-invalid=\"false\" value=\"\" type=\"text\" name=\"ville\" \/><\/span>\n\t\t\t<\/p>\n\t\t<\/li>\n\t\t<li>\n\t\t\t<p>Email *<span class=\"wpcf7-form-control-wrap\" data-name=\"email\"><input size=\"40\" maxlength=\"400\" class=\"wpcf7-form-control wpcf7-email wpcf7-validates-as-required wpcf7-text wpcf7-validates-as-email\" aria-required=\"true\" aria-invalid=\"false\" value=\"\" type=\"email\" name=\"email\" \/><\/span>\n\t\t\t<\/p>\n\t\t<\/li>\n\t\t<li>\n\t\t\t<p>T\u00e9l\u00e9phone *<span class=\"wpcf7-form-control-wrap\" data-name=\"telephone\"><input size=\"40\" maxlength=\"400\" class=\"wpcf7-form-control wpcf7-text wpcf7-validates-as-required\" aria-required=\"true\" aria-invalid=\"false\" value=\"\" type=\"text\" name=\"telephone\" \/><\/span>\n\t\t\t<\/p>\n\t\t<\/li>\n\t<\/ol>\n<\/fieldset>\n<fieldset>\n\t<legend>Type de Probl\u00e8me(s)\n\t<\/legend>\n\t<ol>\n\t\t<li>\n\t\t\t<p>De quel type d'antid\u00e9rapant s'agit-il? *<br \/>\n<span class=\"wpcf7-form-control-wrap\" data-name=\"antiderapant\"><select class=\"wpcf7-form-control wpcf7-select wpcf7-validates-as-required\" aria-required=\"true\" aria-invalid=\"false\" name=\"antiderapant\"><option value=\"-S\u00e9lectionner-\">-S\u00e9lectionner-<\/option><option value=\"Antid\u00e9rapant pour les personnes\">Antid\u00e9rapant pour les personnes<\/option><option value=\"Antid\u00e9rapant pour v\u00e9hicule(s)\">Antid\u00e9rapant pour v\u00e9hicule(s)<\/option><\/select><\/span>\n\t\t\t<\/p>\n\t\t<\/li>\n\t\t<li>\n\t\t\t<p>Voir si accident ? *<br \/>\n<span class=\"wpcf7-form-control-wrap\" data-name=\"accident\"><select class=\"wpcf7-form-control wpcf7-select wpcf7-validates-as-required\" aria-required=\"true\" aria-invalid=\"false\" name=\"accident\"><option value=\"-S\u00e9lectionner-\">-S\u00e9lectionner-<\/option><option value=\"Oui\">Oui<\/option><option value=\"Non\">Non<\/option><\/select><\/span>\n\t\t\t<\/p>\n\t\t<\/li>\n\t\t<li>\n\t\t\t<p>Quel est le probl\u00e8me? *<br \/>\n<span class=\"wpcf7-form-control-wrap\" data-name=\"problem\"><select class=\"wpcf7-form-control wpcf7-select wpcf7-validates-as-required\" aria-required=\"true\" aria-invalid=\"false\" name=\"problem\"><option value=\"-S\u00e9lectionner-\">-S\u00e9lectionner-<\/option><option value=\"B\u00e9ton lisse\">B\u00e9ton lisse<\/option><option value=\"Carreaux c\u00e9ramique lisses\">Carreaux c\u00e9ramique lisses<\/option><option value=\"Arr\u00eater les accidents de chute pr\u00e9ventief\">Arr\u00eater les accidents de chute pr\u00e9ventief<\/option><option value=\"Autres\">Autres<\/option><\/select><\/span>\n\t\t\t<\/p>\n\t\t<\/li>\n\t\t<li>\n\t\t\t<p>Un autre probl\u00e8me, \u00e0 savoir:<span class=\"wpcf7-form-control-wrap\" data-name=\"autre-probleme\"><input size=\"40\" maxlength=\"400\" class=\"wpcf7-form-control wpcf7-text\" aria-invalid=\"false\" value=\"\" type=\"text\" name=\"autre-probleme\" \/><\/span>\n\t\t\t<\/p>\n\t\t<\/li>\n\t<\/ol>\n<\/fieldset>\n<fieldset>\n\t<legend>Circonstances\n\t<\/legend>\n\t<ol>\n\t\t<li>\n\t\t\t<p>Choisissez la surface *\n\t\t\t<\/p>\n\t\t<\/li>\n<span class=\"wpcf7-form-control-wrap\" data-name=\"surface\"><select class=\"wpcf7-form-control wpcf7-select wpcf7-validates-as-required\" aria-required=\"true\" aria-invalid=\"false\" name=\"surface\"><option value=\"-S\u00e9lectionner-\">-S\u00e9lectionner-<\/option><option value=\"B\u00e9ton cir\u00e9\">B\u00e9ton cir\u00e9<\/option><option value=\"Carreaux c\u00e9ramique\">Carreaux c\u00e9ramique<\/option><option value=\"Pierre naturel\">Pierre naturel<\/option><option value=\"Autre\">Autre<\/option><\/select><\/span>\n\t\t<li>\n\t\t\t<p>Une autre surface, \u00e0 savoir: <span class=\"wpcf7-form-control-wrap\" data-name=\"autre-surface\"><input size=\"40\" maxlength=\"400\" class=\"wpcf7-form-control wpcf7-text\" aria-invalid=\"false\" value=\"\" type=\"text\" name=\"autre-surface\" \/><\/span>\n\t\t\t<\/p>\n\t\t<\/li>\n\t\t<li>\n\t\t\t<p>Les activit\u00e9s sont-elles principalement \u00e0 l'int\u00e9rieur ou \u00e0 l'ext\u00e9rieur? *<br \/>\n<span class=\"wpcf7-form-control-wrap\" data-name=\"interieur-exterieur\"><select class=\"wpcf7-form-control wpcf7-select wpcf7-validates-as-required\" aria-required=\"true\" aria-invalid=\"false\" name=\"interieur-exterieur\"><option value=\"-S\u00e9lectionner-\">-S\u00e9lectionner-<\/option><option value=\"Int\u00e9rieur\">Int\u00e9rieur<\/option><option value=\"Ext\u00e9rieur\">Ext\u00e9rieur<\/option><option value=\"Combin\u00e9\">Combin\u00e9<\/option><\/select><\/span>\n\t\t\t<\/p>\n\t\t<\/li>\n\t\t<li>\n\t\t\t<p>Superficie estim\u00e9e m2 * <span class=\"wpcf7-form-control-wrap\" data-name=\"superficie\"><input size=\"40\" maxlength=\"400\" class=\"wpcf7-form-control wpcf7-text wpcf7-validates-as-required\" aria-required=\"true\" aria-invalid=\"false\" value=\"\" type=\"text\" name=\"superficie\" \/><\/span>\n\t\t\t<\/p>\n\t\t<\/li>\n\t\t<li>\n\t\t\t<p>Comment pouvez-vous d\u00e9crire la zone? *<br \/>\n<span class=\"wpcf7-form-control-wrap\" data-name=\"zone\"><select class=\"wpcf7-form-control wpcf7-select wpcf7-validates-as-required\" aria-required=\"true\" aria-invalid=\"false\" name=\"zone\"><option value=\"-S\u00e9lectionner-\">-S\u00e9lectionner-<\/option><option value=\"Surface plane\">Surface plane<\/option><option value=\"Escaliers\">Escaliers<\/option><option value=\"Escaliers\">Escaliers<\/option><option value=\"Surface en pente\">Surface en pente<\/option><option value=\"Combinaison surface plane et escalier\">Combinaison surface plane et escalier<\/option><option value=\"Autre(s)\">Autre(s)<\/option><\/select><\/span>\n\t\t\t<\/p>\n\t\t<\/li>\n\t\t<li>\n\t\t\t<p>S'il y a des escaliers, combien de marches?<br \/>\n<span class=\"wpcf7-form-control-wrap\" data-name=\"escaliers\"><input size=\"40\" maxlength=\"400\" class=\"wpcf7-form-control wpcf7-text\" aria-invalid=\"false\" value=\"\" type=\"text\" name=\"escaliers\" \/><\/span>\n\t\t\t<\/p>\n\t\t<\/li>\n\nLa surface \u00e0 traiter se connecte-t-elle \u00e0 des tapis ou \u00e0 des \u00e9l\u00e9ments contenant une couche de peinture?\n\t\t<li>\n\t\t\t<p>Si oui, veuillez fournir une explication? <span class=\"wpcf7-form-control-wrap\" data-name=\"couche-de-peinture\"><input size=\"40\" maxlength=\"400\" class=\"wpcf7-form-control wpcf7-text\" aria-invalid=\"false\" value=\"\" type=\"text\" name=\"couche-de-peinture\" \/><\/span>\n\t\t\t<\/p>\n\t\t<\/li>\n\t<\/ol>\n<\/fieldset>\n<fieldset>\n\t<legend>Autre information\n\t<\/legend>\n\t<p><span class=\"wpcf7-form-control-wrap\" data-name=\"questions\"><textarea cols=\"40\" rows=\"10\" maxlength=\"2000\" class=\"wpcf7-form-control wpcf7-textarea\" aria-invalid=\"false\" name=\"questions\">Avez-vous des questions ou des commentaires?<\/textarea><\/span>\n\t<\/p>\n\t<p>L'antid\u00e9rapant Gripcontrol ne peut \u00eatre trait\u00e9 que sur le beton lisse, les carreaux de c\u00e9ramique et certains types de pierres naturelles.\n\t<\/p>\n\t<li>\n\t\t<p>Un test gratuit est recommand\u00e9. Le Souhaitez vous ?*<br \/>\n<span class=\"wpcf7-form-control-wrap\" data-name=\"test-gratuit\"><select class=\"wpcf7-form-control wpcf7-select wpcf7-validates-as-required\" aria-required=\"true\" aria-invalid=\"false\" name=\"test-gratuit\"><option value=\"-S\u00e9lectionner-\">-S\u00e9lectionner-<\/option><option value=\"Oui\">Oui<\/option><option value=\"Non\">Non<\/option><\/select><\/span>\n\t\t<\/p>\n\t<\/li>\n\t<p>Quelle est la p\u00e9riode de traitement \/ d'ex\u00e9cution souhait\u00e9e?:<br \/>\n<span class=\"wpcf7-form-control-wrap\" data-name=\"periode-traitement\"><input size=\"40\" maxlength=\"400\" class=\"wpcf7-form-control wpcf7-text wpcf7-validates-as-required\" aria-required=\"true\" aria-invalid=\"false\" placeholder=\"Mois\/Ann\u00e9e\/Inconnue\" value=\"\" type=\"text\" name=\"periode-traitement\" \/><\/span>\n\t<\/p>\n\t<p>B\u00e9n\u00e9ficiez-vous d\u2019une TVA r\u00e9duite?<br \/>\n<span class=\"wpcf7-form-control-wrap\" data-name=\"TVA\"><select class=\"wpcf7-form-control wpcf7-select wpcf7-validates-as-required\" aria-required=\"true\" aria-invalid=\"false\" name=\"TVA\"><option value=\"-S\u00e9lectionner-\">-S\u00e9lectionner-<\/option><option value=\"Oui\">Oui<\/option><option value=\"Non\">Non<\/option><option value=\"Inconnue\">Inconnue<\/option><\/select><\/span>\n\t<\/p>\n\t<li>\n\t\t<p>Saviez-vous que le produit\n\t\t<\/p>\n\t<\/li>\n\t<li>\n\t\t<p>... ne peut \u00eatre appliqu\u00e9 que dans des conditions m\u00e9t\u00e9orologiques s\u00e8ches et non humides ...\n\t\t<\/p>\n\t<\/li>\n\t<li>\n\t\t<p>... le produit ne doit pas \u00eatre appliqu\u00e9 s'il fait plus chaud \u00e0 l'ext\u00e9rieur que 23 \u00baC ...\n\t\t<\/p>\n\t<\/li>\n\t<li>\n\t\t<p>... le produit ne peut pas \u00eatre appliqu\u00e9 en plein soleil ...\n\t\t<\/p>\n\t<\/li>\n\t<li>\n\t\t<p>... les traitements peuvent \u00eatre effectu\u00e9s le week-end ou le soir ...\n\t\t<\/p>\n\t<\/li>\n\t<li>\n\t\t<p>... les r\u00e9sidus de savon r\u00e9duisent consid\u00e9rablement la r\u00e9sistance au d\u00e9rapage de l'antid\u00e9rapant ...\n\t\t<\/p>\n\t<\/li>\n\t<li>\n\t\t<p>Gripcontrol.be respecte la vie priv\u00e9e de tous ses utilisateurs et veille \u00e0 ce que toutes vos donn\u00e9es personnelles soient trait\u00e9es de mani\u00e8re confidentielle conform\u00e9ment \u00e0 la l\u00e9gislation europ\u00e9enne dans ce domaine.\n\t\t<\/p>\n\t<\/li>\n\t<p><span class=\"wpcf7-form-control-wrap\" data-name=\"conditions\"><span class=\"wpcf7-form-control wpcf7-acceptance\"><span class=\"wpcf7-list-item\"><label><input type=\"checkbox\" name=\"conditions\" value=\"1\" aria-invalid=\"false\" \/><span class=\"wpcf7-list-item-label\">Vous acceptez nos conditions de la vie priv\u00e9e*<\/span><\/label><\/span><\/span><\/span>\n\t<\/p>\n\t<p><input class=\"wpcf7-form-control wpcf7-submit has-spinner\" type=\"submit\" value=\"Envoyer\" \/>\n\t<\/p>\n<\/fieldset><p style=\"display: none !important;\" class=\"akismet-fields-container\" data-prefix=\"_wpcf7_ak_\"><label>&#916;<textarea name=\"_wpcf7_ak_hp_textarea\" cols=\"45\" rows=\"8\" maxlength=\"100\"><\/textarea><\/label><input type=\"hidden\" id=\"ak_js_1\" name=\"_wpcf7_ak_js\" value=\"81\"\/><script>document.getElementById( \"ak_js_1\" ).setAttribute( \"value\", ( new Date() ).getTime() );<\/script><\/p><div class=\"wpcf7-response-output\" aria-hidden=\"true\"><\/div>\n<\/form>\n<\/div>\n[\/vc_column_text][\/vc_column_inner][\/vc_row_inner][\/vc_column][vc_column][\/vc_column][\/vc_row]<\/p>\n<\/div>","protected":false},"excerpt":{"rendered":"<p>[vc_row][vc_column][\/vc_column][\/vc_row][vc_row css=&#8221;.vc_custom_1467126818454{margin-top: -30px !important;margin-bottom: 40px !important;}&#8221;][vc_column][vc_column_text]V[\/vc_column_text][vc_column_text] Demande de collaboration sans engagement &#8211; Particuliers Pour \u00e9valuer correctement votre demande, nous vous demandons de remplir le formulaire ci-dessous \u00a0 [\/vc_column_text][vc_row_inner equal_height=&#8221;yes&#8221; css=&#8221;.vc_custom_1583154657320{padding-top: 10px !important;padding-right: 10px !important;padding-bottom: 10px !important;padding-left: 10px !important;background-color: #1e73be !important;border-radius: 10px !important;}&#8221;][vc_column_inner width=&#8221;1\/5&#8243;][vc_column_text] Pr\u00e9venir les accidents. Personnes V\u00e9hicules &#8211; Int\u00e9rieur&#8230;<\/p>\n","protected":false},"author":1,"featured_media":0,"parent":0,"menu_order":0,"comment_status":"closed","ping_status":"closed","template":"","meta":{"footnotes":""},"class_list":["post-1144","page","type-page","status-publish","hentry"],"yoast_head":"<!-- This site is optimized with the Yoast SEO plugin v27.3 - https:\/\/yoast.com\/product\/yoast-seo-wordpress\/ -->\n<title>Demande de collaboration sans engagement - Particuliers - Gripcontrol<\/title>\n<meta name=\"robots\" content=\"index, follow, max-snippet:-1, max-image-preview:large, max-video-preview:-1\" \/>\n<link rel=\"canonical\" href=\"https:\/\/www.gripcontrol.be\/fr\/particuliers\/\" \/>\n<meta property=\"og:locale\" content=\"nl_NL\" \/>\n<meta property=\"og:type\" content=\"article\" \/>\n<meta property=\"og:title\" content=\"Demande de collaboration sans engagement - Particuliers - Gripcontrol\" \/>\n<meta property=\"og:description\" content=\"[vc_row][vc_column][\/vc_column][\/vc_row][vc_row css=&#8221;.vc_custom_1467126818454{margin-top: -30px !important;margin-bottom: 40px !important;}&#8221;][vc_column][vc_column_text]V[\/vc_column_text][vc_column_text] Demande de collaboration sans engagement &#8211; Particuliers Pour \u00e9valuer correctement votre demande, nous vous demandons de remplir le formulaire ci-dessous \u00a0 [\/vc_column_text][vc_row_inner equal_height=&#8221;yes&#8221; css=&#8221;.vc_custom_1583154657320{padding-top: 10px !important;padding-right: 10px !important;padding-bottom: 10px !important;padding-left: 10px !important;background-color: #1e73be !important;border-radius: 10px !important;}&#8221;][vc_column_inner width=&#8221;1\/5&#8243;][vc_column_text] Pr\u00e9venir les accidents. Personnes V\u00e9hicules &#8211; Int\u00e9rieur...\" \/>\n<meta property=\"og:url\" content=\"https:\/\/www.gripcontrol.be\/fr\/particuliers\/\" \/>\n<meta property=\"og:site_name\" content=\"Gripcontrol\" \/>\n<meta property=\"article:modified_time\" content=\"2020-12-20T09:35:46+00:00\" \/>\n<meta property=\"og:image\" content=\"https:\/\/www.gripcontrol.be\/fr\/wp-content\/uploads\/gevaarlijke-vloer-220x300.jpg\" \/>\n<meta name=\"twitter:card\" content=\"summary_large_image\" \/>\n<meta name=\"twitter:label1\" content=\"Geschatte leestijd\" \/>\n\t<meta name=\"twitter:data1\" content=\"1 minuut\" \/>\n<script type=\"application\/ld+json\" class=\"yoast-schema-graph\">{\"@context\":\"https:\\\/\\\/schema.org\",\"@graph\":[{\"@type\":\"WebPage\",\"@id\":\"https:\\\/\\\/www.gripcontrol.be\\\/fr\\\/particuliers\\\/\",\"url\":\"https:\\\/\\\/www.gripcontrol.be\\\/fr\\\/particuliers\\\/\",\"name\":\"Demande de collaboration sans engagement - Particuliers - Gripcontrol\",\"isPartOf\":{\"@id\":\"https:\\\/\\\/www.gripcontrol.be\\\/fr\\\/#website\"},\"primaryImageOfPage\":{\"@id\":\"https:\\\/\\\/www.gripcontrol.be\\\/fr\\\/particuliers\\\/#primaryimage\"},\"image\":{\"@id\":\"https:\\\/\\\/www.gripcontrol.be\\\/fr\\\/particuliers\\\/#primaryimage\"},\"thumbnailUrl\":\"http:\\\/\\\/www.gripcontrol.be\\\/fr\\\/wp-content\\\/uploads\\\/gevaarlijke-vloer-220x300.jpg\",\"datePublished\":\"2019-11-24T13:37:11+00:00\",\"dateModified\":\"2020-12-20T09:35:46+00:00\",\"breadcrumb\":{\"@id\":\"https:\\\/\\\/www.gripcontrol.be\\\/fr\\\/particuliers\\\/#breadcrumb\"},\"inLanguage\":\"nl-NL\",\"potentialAction\":[{\"@type\":\"ReadAction\",\"target\":[\"https:\\\/\\\/www.gripcontrol.be\\\/fr\\\/particuliers\\\/\"]}]},{\"@type\":\"ImageObject\",\"inLanguage\":\"nl-NL\",\"@id\":\"https:\\\/\\\/www.gripcontrol.be\\\/fr\\\/particuliers\\\/#primaryimage\",\"url\":\"https:\\\/\\\/www.gripcontrol.be\\\/fr\\\/wp-content\\\/uploads\\\/gevaarlijke-vloer.jpg\",\"contentUrl\":\"https:\\\/\\\/www.gripcontrol.be\\\/fr\\\/wp-content\\\/uploads\\\/gevaarlijke-vloer.jpg\",\"width\":300,\"height\":410,\"caption\":\"Sol dangereux\"},{\"@type\":\"BreadcrumbList\",\"@id\":\"https:\\\/\\\/www.gripcontrol.be\\\/fr\\\/particuliers\\\/#breadcrumb\",\"itemListElement\":[{\"@type\":\"ListItem\",\"position\":1,\"name\":\"Home\",\"item\":\"https:\\\/\\\/www.gripcontrol.be\\\/fr\\\/\"},{\"@type\":\"ListItem\",\"position\":2,\"name\":\"Demande de collaboration sans engagement &#8211; Particuliers\"}]},{\"@type\":\"WebSite\",\"@id\":\"https:\\\/\\\/www.gripcontrol.be\\\/fr\\\/#website\",\"url\":\"https:\\\/\\\/www.gripcontrol.be\\\/fr\\\/\",\"name\":\"Gripcontrol\",\"description\":\"Optimiser la s\u00e9curit\u00e9 des sols en proposant des solutions antid\u00e9rapantes s\u00fbres qui \u00e9vitent les accidents\",\"potentialAction\":[{\"@type\":\"SearchAction\",\"target\":{\"@type\":\"EntryPoint\",\"urlTemplate\":\"https:\\\/\\\/www.gripcontrol.be\\\/fr\\\/?s={search_term_string}\"},\"query-input\":{\"@type\":\"PropertyValueSpecification\",\"valueRequired\":true,\"valueName\":\"search_term_string\"}}],\"inLanguage\":\"nl-NL\"}]}<\/script>\n<!-- \/ Yoast SEO plugin. -->","yoast_head_json":{"title":"Demande de collaboration sans engagement - Particuliers - Gripcontrol","robots":{"index":"index","follow":"follow","max-snippet":"max-snippet:-1","max-image-preview":"max-image-preview:large","max-video-preview":"max-video-preview:-1"},"canonical":"https:\/\/www.gripcontrol.be\/fr\/particuliers\/","og_locale":"nl_NL","og_type":"article","og_title":"Demande de collaboration sans engagement - Particuliers - Gripcontrol","og_description":"[vc_row][vc_column][\/vc_column][\/vc_row][vc_row css=&#8221;.vc_custom_1467126818454{margin-top: -30px !important;margin-bottom: 40px !important;}&#8221;][vc_column][vc_column_text]V[\/vc_column_text][vc_column_text] Demande de collaboration sans engagement &#8211; Particuliers Pour \u00e9valuer correctement votre demande, nous vous demandons de remplir le formulaire ci-dessous \u00a0 [\/vc_column_text][vc_row_inner equal_height=&#8221;yes&#8221; css=&#8221;.vc_custom_1583154657320{padding-top: 10px !important;padding-right: 10px !important;padding-bottom: 10px !important;padding-left: 10px !important;background-color: #1e73be !important;border-radius: 10px !important;}&#8221;][vc_column_inner width=&#8221;1\/5&#8243;][vc_column_text] Pr\u00e9venir les accidents. Personnes V\u00e9hicules &#8211; Int\u00e9rieur...","og_url":"https:\/\/www.gripcontrol.be\/fr\/particuliers\/","og_site_name":"Gripcontrol","article_modified_time":"2020-12-20T09:35:46+00:00","og_image":[{"url":"https:\/\/www.gripcontrol.be\/fr\/wp-content\/uploads\/gevaarlijke-vloer-220x300.jpg","type":"","width":"","height":""}],"twitter_card":"summary_large_image","twitter_misc":{"Geschatte leestijd":"1 minuut"},"schema":{"@context":"https:\/\/schema.org","@graph":[{"@type":"WebPage","@id":"https:\/\/www.gripcontrol.be\/fr\/particuliers\/","url":"https:\/\/www.gripcontrol.be\/fr\/particuliers\/","name":"Demande de collaboration sans engagement - Particuliers - Gripcontrol","isPartOf":{"@id":"https:\/\/www.gripcontrol.be\/fr\/#website"},"primaryImageOfPage":{"@id":"https:\/\/www.gripcontrol.be\/fr\/particuliers\/#primaryimage"},"image":{"@id":"https:\/\/www.gripcontrol.be\/fr\/particuliers\/#primaryimage"},"thumbnailUrl":"https:\/\/www.gripcontrol.be\/fr\/wp-content\/uploads\/gevaarlijke-vloer-220x300.jpg","datePublished":"2019-11-24T13:37:11+00:00","dateModified":"2020-12-20T09:35:46+00:00","breadcrumb":{"@id":"https:\/\/www.gripcontrol.be\/fr\/particuliers\/#breadcrumb"},"inLanguage":"nl-NL","potentialAction":[{"@type":"ReadAction","target":["https:\/\/www.gripcontrol.be\/fr\/particuliers\/"]}]},{"@type":"ImageObject","inLanguage":"nl-NL","@id":"https:\/\/www.gripcontrol.be\/fr\/particuliers\/#primaryimage","url":"https:\/\/www.gripcontrol.be\/fr\/wp-content\/uploads\/gevaarlijke-vloer.jpg","contentUrl":"https:\/\/www.gripcontrol.be\/fr\/wp-content\/uploads\/gevaarlijke-vloer.jpg","width":300,"height":410,"caption":"Sol dangereux"},{"@type":"BreadcrumbList","@id":"https:\/\/www.gripcontrol.be\/fr\/particuliers\/#breadcrumb","itemListElement":[{"@type":"ListItem","position":1,"name":"Home","item":"https:\/\/www.gripcontrol.be\/fr\/"},{"@type":"ListItem","position":2,"name":"Demande de collaboration sans engagement &#8211; Particuliers"}]},{"@type":"WebSite","@id":"https:\/\/www.gripcontrol.be\/fr\/#website","url":"https:\/\/www.gripcontrol.be\/fr\/","name":"Gripcontrol","description":"Optimiser la s\u00e9curit\u00e9 des sols en proposant des solutions antid\u00e9rapantes s\u00fbres qui \u00e9vitent les accidents","potentialAction":[{"@type":"SearchAction","target":{"@type":"EntryPoint","urlTemplate":"https:\/\/www.gripcontrol.be\/fr\/?s={search_term_string}"},"query-input":{"@type":"PropertyValueSpecification","valueRequired":true,"valueName":"search_term_string"}}],"inLanguage":"nl-NL"}]}},"_links":{"self":[{"href":"https:\/\/www.gripcontrol.be\/fr\/wp-json\/wp\/v2\/pages\/1144","targetHints":{"allow":["GET"]}}],"collection":[{"href":"https:\/\/www.gripcontrol.be\/fr\/wp-json\/wp\/v2\/pages"}],"about":[{"href":"https:\/\/www.gripcontrol.be\/fr\/wp-json\/wp\/v2\/types\/page"}],"author":[{"embeddable":true,"href":"https:\/\/www.gripcontrol.be\/fr\/wp-json\/wp\/v2\/users\/1"}],"replies":[{"embeddable":true,"href":"https:\/\/www.gripcontrol.be\/fr\/wp-json\/wp\/v2\/comments?post=1144"}],"version-history":[{"count":30,"href":"https:\/\/www.gripcontrol.be\/fr\/wp-json\/wp\/v2\/pages\/1144\/revisions"}],"predecessor-version":[{"id":1675,"href":"https:\/\/www.gripcontrol.be\/fr\/wp-json\/wp\/v2\/pages\/1144\/revisions\/1675"}],"wp:attachment":[{"href":"https:\/\/www.gripcontrol.be\/fr\/wp-json\/wp\/v2\/media?parent=1144"}],"curies":[{"name":"wp","href":"https:\/\/api.w.org\/{rel}","templated":true}]}}