{"id":1044,"date":"2019-10-13T11:37:52","date_gmt":"2019-10-13T11:37:52","guid":{"rendered":"https:\/\/www.gripcontrol.be\/fr\/?page_id=1044"},"modified":"2024-02-11T12:56:59","modified_gmt":"2024-02-11T12:56:59","slug":"contact","status":"publish","type":"page","link":"https:\/\/www.gripcontrol.be\/fr\/contact\/","title":{"rendered":"Contact"},"content":{"rendered":"<div class=\"wpb-content-wrapper\"><p>[vc_row][vc_column][\/vc_column][\/vc_row][vc_row css=&#8221;.vc_custom_1467126818454{margin-top: -30px !important;margin-bottom: 40px !important;}&#8221;][vc_column][vc_column_text]<strong><span style=\"color: #ffffff;\">V<\/span><\/strong>[\/vc_column_text][vc_column_text]<\/p>\n<h2>Contact<\/h2>\n<h3>Les questions et commentaires peuvent \u00eatre soumis en utilisant le formulaire ci-dessous.<\/h3>\n<p>[\/vc_column_text][vc_row_inner equal_height=&#8221;yes&#8221; css=&#8221;.vc_custom_1583154657320{padding-top: 10px !important;padding-right: 10px !important;padding-bottom: 10px !important;padding-left: 10px !important;background-color: #1e73be !important;border-radius: 10px !important;}&#8221;][vc_column_inner width=&#8221;1\/5&#8243;][vc_column_text]<\/p>\n<h3><span style=\"color: #ffffff;\"><img loading=\"lazy\" decoding=\"async\" class=\"alignnone wp-image-1326 size-medium\" src=\"https:\/\/www.gripcontrol.be\/fr\/wp-content\/uploads\/gevaarlijke-vloer-220x300.jpg\" alt=\"gevaarlijke vloer bord\" width=\"220\" height=\"300\" srcset=\"https:\/\/www.gripcontrol.be\/fr\/wp-content\/uploads\/gevaarlijke-vloer-220x300.jpg 220w, https:\/\/www.gripcontrol.be\/fr\/wp-content\/uploads\/gevaarlijke-vloer.jpg 300w\" sizes=\"auto, (max-width: 220px) 100vw, 220px\" \/><\/span><\/h3>\n<h3><span style=\"color: #ffffff;\">Pr\u00e9venance des accidents personnes et v\u00e9hicules<\/span><\/h3>\n<p><span style=\"color: #ffffff;\">&#8211; Pour int\u00e9rieur<br \/>\n&#8211; Pour ext\u00e9rieur<\/span><br \/>\n<span style=\"color: #ffffff;\">&#8211; Entr\u00e9e<\/span><br \/>\n<span style=\"color: #ffffff;\">&#8211; Cuisine<\/span><br \/>\n<span style=\"color: #ffffff;\">&#8211; Zones d&#8217;installations<\/span><br \/>\n<span style=\"color: #ffffff;\">&#8211; Zones sanitaires<\/span><br \/>\n<span style=\"color: #ffffff;\">&#8211; All\u00e9e et garage<\/span><br \/>\n<span style=\"color: #ffffff;\">&#8211; Terrasses<\/span><br \/>\n<span style=\"color: #ffffff;\">&#8211; Piscine \/ Bien-\u00eatre<br \/>\n&#8211; &#8230;<br \/>\n<\/span><\/p>\n<p>&nbsp;<\/p>\n<p><img loading=\"lazy\" decoding=\"async\" class=\"alignnone size-medium wp-image-1595\" src=\"https:\/\/www.gripcontrol.be\/fr\/wp-content\/uploads\/transparante-antislip-200x300.jpg\" alt=\"Transparante Antislip voor keramische tegels\" width=\"200\" height=\"300\" srcset=\"https:\/\/www.gripcontrol.be\/fr\/wp-content\/uploads\/transparante-antislip-200x300.jpg 200w, https:\/\/www.gripcontrol.be\/fr\/wp-content\/uploads\/transparante-antislip.jpg 267w\" sizes=\"auto, (max-width: 200px) 100vw, 200px\" \/>[\/vc_column_text][\/vc_column_inner][vc_column_inner width=&#8221;2\/3&#8243;][vc_column_text css=&#8221;.vc_custom_1587989892423{padding-top: 25px !important;padding-right: 25px !important;padding-bottom: 25px !important;padding-left: 50px !important;background-color: #ffffff !important;border-radius: 25px !important;}&#8221;]\n<div class=\"wpcf7 no-js\" id=\"wpcf7-f1621-o1\" lang=\"nl-NL\" dir=\"ltr\" data-wpcf7-id=\"1621\">\n<div class=\"screen-reader-response\"><p role=\"status\" aria-live=\"polite\" aria-atomic=\"true\"><\/p> <ul><\/ul><\/div>\n<form action=\"\/fr\/wp-json\/wp\/v2\/pages\/1044#wpcf7-f1621-o1\" method=\"post\" class=\"wpcf7-form init\" aria-label=\"Contactformulier\" novalidate=\"novalidate\" data-status=\"init\">\n<fieldset class=\"hidden-fields-container\"><input type=\"hidden\" name=\"_wpcf7\" value=\"1621\" \/><input type=\"hidden\" name=\"_wpcf7_version\" value=\"6.1.5\" \/><input type=\"hidden\" name=\"_wpcf7_locale\" value=\"nl_NL\" \/><input type=\"hidden\" name=\"_wpcf7_unit_tag\" value=\"wpcf7-f1621-o1\" \/><input type=\"hidden\" name=\"_wpcf7_container_post\" value=\"0\" \/><input type=\"hidden\" name=\"_wpcf7_posted_data_hash\" value=\"\" \/><input type=\"hidden\" name=\"_wpcf7_recaptcha_response\" value=\"\" \/>\n<\/fieldset>\n<fieldset>\n\t<legend>Vos donn\u00e9es\n\t<\/legend>\n\t<ol>\n\t\t<li>\n\t\t\t<p>Nom <span class=\"wpcf7-form-control-wrap\" data-name=\"nom\"><input size=\"40\" maxlength=\"400\" class=\"wpcf7-form-control wpcf7-text wpcf7-validates-as-required\" aria-required=\"true\" aria-invalid=\"false\" value=\"\" type=\"text\" name=\"nom\" \/><\/span>\n\t\t\t<\/p>\n\t\t<\/li>\n\t\t<li>\n\t\t\t<p>Email <span class=\"wpcf7-form-control-wrap\" data-name=\"email\"><input size=\"40\" maxlength=\"400\" class=\"wpcf7-form-control wpcf7-email wpcf7-validates-as-required wpcf7-text wpcf7-validates-as-email\" aria-required=\"true\" aria-invalid=\"false\" value=\"\" type=\"email\" name=\"email\" \/><\/span>\n\t\t\t<\/p>\n\t\t<\/li>\n\t\t<li>\n\t\t\t<p>T\u00e9l\u00e9phone <span class=\"wpcf7-form-control-wrap\" data-name=\"telephone\"><input size=\"40\" maxlength=\"400\" class=\"wpcf7-form-control wpcf7-text wpcf7-validates-as-required\" aria-required=\"true\" aria-invalid=\"false\" value=\"\" type=\"text\" name=\"telephone\" \/><\/span>\n\t\t\t<\/p>\n\t\t<\/li>\n\t<\/ol>\n<\/fieldset>\n<fieldset>\n\t<legend>Votre question ou remarque\n\t<\/legend>\n\t<p><span class=\"wpcf7-form-control-wrap\" data-name=\"question-commentaire\"><textarea cols=\"40\" rows=\"10\" maxlength=\"2000\" class=\"wpcf7-form-control wpcf7-textarea\" aria-invalid=\"false\" name=\"question-commentaire\">Entrez votre question ou commentaire ici.<\/textarea><\/span>\n\t<\/p>\n\t<p>Gripcontrol.be respecte la vie priv\u00e9e de tous les utilisateurs de gripcontrol.be et veille \u00e0 ce que toutes vos donn\u00e9es personnelles soient trait\u00e9es de mani\u00e8re confidentielle conform\u00e9ment \u00e0 la l\u00e9gislation europ\u00e9enne dans ce domaine.\n\t<\/p>\n\t<p><span class=\"wpcf7-form-control-wrap\" data-name=\"conditions\"><span class=\"wpcf7-form-control wpcf7-acceptance\"><span class=\"wpcf7-list-item\"><label><input type=\"checkbox\" name=\"conditions\" value=\"1\" aria-invalid=\"false\" \/><span class=\"wpcf7-list-item-label\">Vous acceptez nos conditions de la vie priv\u00e9e.*<\/span><\/label><\/span><\/span><\/span>\n\t<\/p>\n\t<p><input class=\"wpcf7-form-control wpcf7-submit has-spinner\" type=\"submit\" value=\"Envoyer\" \/>\n\t<\/p>\n<\/fieldset><p style=\"display: none !important;\" class=\"akismet-fields-container\" data-prefix=\"_wpcf7_ak_\"><label>&#916;<textarea name=\"_wpcf7_ak_hp_textarea\" cols=\"45\" rows=\"8\" maxlength=\"100\"><\/textarea><\/label><input type=\"hidden\" id=\"ak_js_1\" name=\"_wpcf7_ak_js\" value=\"222\"\/><script>document.getElementById( \"ak_js_1\" ).setAttribute( \"value\", ( new Date() ).getTime() );<\/script><\/p><div class=\"wpcf7-response-output\" aria-hidden=\"true\"><\/div>\n<\/form>\n<\/div>\n[\/vc_column_text][\/vc_column_inner][\/vc_row_inner][\/vc_column][vc_column][\/vc_column][\/vc_row]<\/p>\n<\/div>","protected":false},"excerpt":{"rendered":"<p>[vc_row][vc_column][\/vc_column][\/vc_row][vc_row css=&#8221;.vc_custom_1467126818454{margin-top: -30px !important;margin-bottom: 40px !important;}&#8221;][vc_column][vc_column_text]V[\/vc_column_text][vc_column_text] Contact Les questions et commentaires peuvent \u00eatre soumis en utilisant le formulaire ci-dessous. [\/vc_column_text][vc_row_inner equal_height=&#8221;yes&#8221; css=&#8221;.vc_custom_1583154657320{padding-top: 10px !important;padding-right: 10px !important;padding-bottom: 10px !important;padding-left: 10px !important;background-color: #1e73be !important;border-radius: 10px !important;}&#8221;][vc_column_inner width=&#8221;1\/5&#8243;][vc_column_text] Pr\u00e9venance des accidents personnes et v\u00e9hicules &#8211; Pour int\u00e9rieur &#8211; Pour ext\u00e9rieur &#8211; Entr\u00e9e &#8211;&#8230;<\/p>\n","protected":false},"author":1,"featured_media":0,"parent":0,"menu_order":0,"comment_status":"closed","ping_status":"closed","template":"","meta":{"footnotes":""},"class_list":["post-1044","page","type-page","status-publish","hentry"],"yoast_head":"<!-- This site is optimized with the Yoast SEO plugin v27.3 - https:\/\/yoast.com\/product\/yoast-seo-wordpress\/ -->\n<title>Contact - Gripcontrol<\/title>\n<meta name=\"robots\" content=\"index, follow, max-snippet:-1, max-image-preview:large, max-video-preview:-1\" \/>\n<link rel=\"canonical\" href=\"https:\/\/www.gripcontrol.be\/fr\/contact\/\" \/>\n<meta property=\"og:locale\" content=\"nl_NL\" \/>\n<meta property=\"og:type\" content=\"article\" \/>\n<meta property=\"og:title\" content=\"Contact - Gripcontrol\" \/>\n<meta property=\"og:description\" content=\"[vc_row][vc_column][\/vc_column][\/vc_row][vc_row css=&#8221;.vc_custom_1467126818454{margin-top: -30px !important;margin-bottom: 40px !important;}&#8221;][vc_column][vc_column_text]V[\/vc_column_text][vc_column_text] Contact Les questions et commentaires peuvent \u00eatre soumis en utilisant le formulaire ci-dessous. [\/vc_column_text][vc_row_inner equal_height=&#8221;yes&#8221; css=&#8221;.vc_custom_1583154657320{padding-top: 10px !important;padding-right: 10px !important;padding-bottom: 10px !important;padding-left: 10px !important;background-color: #1e73be !important;border-radius: 10px !important;}&#8221;][vc_column_inner width=&#8221;1\/5&#8243;][vc_column_text] Pr\u00e9venance des accidents personnes et v\u00e9hicules &#8211; Pour int\u00e9rieur &#8211; Pour ext\u00e9rieur &#8211; Entr\u00e9e &#8211;...\" \/>\n<meta property=\"og:url\" content=\"https:\/\/www.gripcontrol.be\/fr\/contact\/\" \/>\n<meta property=\"og:site_name\" content=\"Gripcontrol\" \/>\n<meta property=\"article:modified_time\" content=\"2024-02-11T12:56:59+00:00\" \/>\n<meta property=\"og:image\" content=\"https:\/\/www.gripcontrol.be\/fr\/wp-content\/uploads\/gevaarlijke-vloer-220x300.jpg\" \/>\n<meta name=\"twitter:card\" content=\"summary_large_image\" \/>\n<meta name=\"twitter:label1\" content=\"Geschatte leestijd\" \/>\n\t<meta name=\"twitter:data1\" content=\"1 minuut\" \/>\n<script type=\"application\/ld+json\" class=\"yoast-schema-graph\">{\"@context\":\"https:\\\/\\\/schema.org\",\"@graph\":[{\"@type\":\"WebPage\",\"@id\":\"https:\\\/\\\/www.gripcontrol.be\\\/fr\\\/contact\\\/\",\"url\":\"https:\\\/\\\/www.gripcontrol.be\\\/fr\\\/contact\\\/\",\"name\":\"Contact - Gripcontrol\",\"isPartOf\":{\"@id\":\"https:\\\/\\\/www.gripcontrol.be\\\/fr\\\/#website\"},\"primaryImageOfPage\":{\"@id\":\"https:\\\/\\\/www.gripcontrol.be\\\/fr\\\/contact\\\/#primaryimage\"},\"image\":{\"@id\":\"https:\\\/\\\/www.gripcontrol.be\\\/fr\\\/contact\\\/#primaryimage\"},\"thumbnailUrl\":\"http:\\\/\\\/www.gripcontrol.be\\\/fr\\\/wp-content\\\/uploads\\\/gevaarlijke-vloer-220x300.jpg\",\"datePublished\":\"2019-10-13T11:37:52+00:00\",\"dateModified\":\"2024-02-11T12:56:59+00:00\",\"breadcrumb\":{\"@id\":\"https:\\\/\\\/www.gripcontrol.be\\\/fr\\\/contact\\\/#breadcrumb\"},\"inLanguage\":\"nl-NL\",\"potentialAction\":[{\"@type\":\"ReadAction\",\"target\":[\"https:\\\/\\\/www.gripcontrol.be\\\/fr\\\/contact\\\/\"]}]},{\"@type\":\"ImageObject\",\"inLanguage\":\"nl-NL\",\"@id\":\"https:\\\/\\\/www.gripcontrol.be\\\/fr\\\/contact\\\/#primaryimage\",\"url\":\"https:\\\/\\\/www.gripcontrol.be\\\/fr\\\/wp-content\\\/uploads\\\/gevaarlijke-vloer.jpg\",\"contentUrl\":\"https:\\\/\\\/www.gripcontrol.be\\\/fr\\\/wp-content\\\/uploads\\\/gevaarlijke-vloer.jpg\",\"width\":300,\"height\":410,\"caption\":\"Sol dangereux\"},{\"@type\":\"BreadcrumbList\",\"@id\":\"https:\\\/\\\/www.gripcontrol.be\\\/fr\\\/contact\\\/#breadcrumb\",\"itemListElement\":[{\"@type\":\"ListItem\",\"position\":1,\"name\":\"Home\",\"item\":\"https:\\\/\\\/www.gripcontrol.be\\\/fr\\\/\"},{\"@type\":\"ListItem\",\"position\":2,\"name\":\"Contact\"}]},{\"@type\":\"WebSite\",\"@id\":\"https:\\\/\\\/www.gripcontrol.be\\\/fr\\\/#website\",\"url\":\"https:\\\/\\\/www.gripcontrol.be\\\/fr\\\/\",\"name\":\"Gripcontrol\",\"description\":\"Optimiser la s\u00e9curit\u00e9 des sols en proposant des solutions antid\u00e9rapantes s\u00fbres qui \u00e9vitent les accidents\",\"potentialAction\":[{\"@type\":\"SearchAction\",\"target\":{\"@type\":\"EntryPoint\",\"urlTemplate\":\"https:\\\/\\\/www.gripcontrol.be\\\/fr\\\/?s={search_term_string}\"},\"query-input\":{\"@type\":\"PropertyValueSpecification\",\"valueRequired\":true,\"valueName\":\"search_term_string\"}}],\"inLanguage\":\"nl-NL\"}]}<\/script>\n<!-- \/ Yoast SEO plugin. -->","yoast_head_json":{"title":"Contact - Gripcontrol","robots":{"index":"index","follow":"follow","max-snippet":"max-snippet:-1","max-image-preview":"max-image-preview:large","max-video-preview":"max-video-preview:-1"},"canonical":"https:\/\/www.gripcontrol.be\/fr\/contact\/","og_locale":"nl_NL","og_type":"article","og_title":"Contact - Gripcontrol","og_description":"[vc_row][vc_column][\/vc_column][\/vc_row][vc_row css=&#8221;.vc_custom_1467126818454{margin-top: -30px !important;margin-bottom: 40px !important;}&#8221;][vc_column][vc_column_text]V[\/vc_column_text][vc_column_text] Contact Les questions et commentaires peuvent \u00eatre soumis en utilisant le formulaire ci-dessous. [\/vc_column_text][vc_row_inner equal_height=&#8221;yes&#8221; css=&#8221;.vc_custom_1583154657320{padding-top: 10px !important;padding-right: 10px !important;padding-bottom: 10px !important;padding-left: 10px !important;background-color: #1e73be !important;border-radius: 10px !important;}&#8221;][vc_column_inner width=&#8221;1\/5&#8243;][vc_column_text] Pr\u00e9venance des accidents personnes et v\u00e9hicules &#8211; Pour int\u00e9rieur &#8211; Pour ext\u00e9rieur &#8211; Entr\u00e9e &#8211;...","og_url":"https:\/\/www.gripcontrol.be\/fr\/contact\/","og_site_name":"Gripcontrol","article_modified_time":"2024-02-11T12:56:59+00:00","og_image":[{"url":"https:\/\/www.gripcontrol.be\/fr\/wp-content\/uploads\/gevaarlijke-vloer-220x300.jpg","type":"","width":"","height":""}],"twitter_card":"summary_large_image","twitter_misc":{"Geschatte leestijd":"1 minuut"},"schema":{"@context":"https:\/\/schema.org","@graph":[{"@type":"WebPage","@id":"https:\/\/www.gripcontrol.be\/fr\/contact\/","url":"https:\/\/www.gripcontrol.be\/fr\/contact\/","name":"Contact - Gripcontrol","isPartOf":{"@id":"https:\/\/www.gripcontrol.be\/fr\/#website"},"primaryImageOfPage":{"@id":"https:\/\/www.gripcontrol.be\/fr\/contact\/#primaryimage"},"image":{"@id":"https:\/\/www.gripcontrol.be\/fr\/contact\/#primaryimage"},"thumbnailUrl":"https:\/\/www.gripcontrol.be\/fr\/wp-content\/uploads\/gevaarlijke-vloer-220x300.jpg","datePublished":"2019-10-13T11:37:52+00:00","dateModified":"2024-02-11T12:56:59+00:00","breadcrumb":{"@id":"https:\/\/www.gripcontrol.be\/fr\/contact\/#breadcrumb"},"inLanguage":"nl-NL","potentialAction":[{"@type":"ReadAction","target":["https:\/\/www.gripcontrol.be\/fr\/contact\/"]}]},{"@type":"ImageObject","inLanguage":"nl-NL","@id":"https:\/\/www.gripcontrol.be\/fr\/contact\/#primaryimage","url":"https:\/\/www.gripcontrol.be\/fr\/wp-content\/uploads\/gevaarlijke-vloer.jpg","contentUrl":"https:\/\/www.gripcontrol.be\/fr\/wp-content\/uploads\/gevaarlijke-vloer.jpg","width":300,"height":410,"caption":"Sol dangereux"},{"@type":"BreadcrumbList","@id":"https:\/\/www.gripcontrol.be\/fr\/contact\/#breadcrumb","itemListElement":[{"@type":"ListItem","position":1,"name":"Home","item":"https:\/\/www.gripcontrol.be\/fr\/"},{"@type":"ListItem","position":2,"name":"Contact"}]},{"@type":"WebSite","@id":"https:\/\/www.gripcontrol.be\/fr\/#website","url":"https:\/\/www.gripcontrol.be\/fr\/","name":"Gripcontrol","description":"Optimiser la s\u00e9curit\u00e9 des sols en proposant des solutions antid\u00e9rapantes s\u00fbres qui \u00e9vitent les accidents","potentialAction":[{"@type":"SearchAction","target":{"@type":"EntryPoint","urlTemplate":"https:\/\/www.gripcontrol.be\/fr\/?s={search_term_string}"},"query-input":{"@type":"PropertyValueSpecification","valueRequired":true,"valueName":"search_term_string"}}],"inLanguage":"nl-NL"}]}},"_links":{"self":[{"href":"https:\/\/www.gripcontrol.be\/fr\/wp-json\/wp\/v2\/pages\/1044","targetHints":{"allow":["GET"]}}],"collection":[{"href":"https:\/\/www.gripcontrol.be\/fr\/wp-json\/wp\/v2\/pages"}],"about":[{"href":"https:\/\/www.gripcontrol.be\/fr\/wp-json\/wp\/v2\/types\/page"}],"author":[{"embeddable":true,"href":"https:\/\/www.gripcontrol.be\/fr\/wp-json\/wp\/v2\/users\/1"}],"replies":[{"embeddable":true,"href":"https:\/\/www.gripcontrol.be\/fr\/wp-json\/wp\/v2\/comments?post=1044"}],"version-history":[{"count":48,"href":"https:\/\/www.gripcontrol.be\/fr\/wp-json\/wp\/v2\/pages\/1044\/revisions"}],"predecessor-version":[{"id":1715,"href":"https:\/\/www.gripcontrol.be\/fr\/wp-json\/wp\/v2\/pages\/1044\/revisions\/1715"}],"wp:attachment":[{"href":"https:\/\/www.gripcontrol.be\/fr\/wp-json\/wp\/v2\/media?parent=1044"}],"curies":[{"name":"wp","href":"https:\/\/api.w.org\/{rel}","templated":true}]}}